{"id":117,"date":"2025-02-14T11:21:32","date_gmt":"2025-02-14T10:21:32","guid":{"rendered":"https:\/\/jazzaliege.be\/festival\/jazz-kids\/"},"modified":"2026-03-24T13:43:03","modified_gmt":"2026-03-24T12:43:03","slug":"jazz-kids","status":"publish","type":"page","link":"https:\/\/jazzaliege.be\/en\/festival\/jazz-kids\/","title":{"rendered":"Jazz Kids"},"content":{"rendered":"<h1><strong>UHODA JAZZ AT LI\u00c8GE KIDS!<\/strong><\/h1>\n<p>Once again this year, Jazz in Li\u00e8ge offers an afternoon specially designed for children and their families, with two fun and accessible events!<\/p>\n<hr \/>\n<p><strong>Little Jazz Lovers \u2013 Workshop for ages 8 &#8211; 10 (in partnership with Jeunesses Musicales)<\/strong><\/p>\n<p>A playful activity where children discover jazz while having fun!<br \/>\nOn the program? Games around swing and binary rhythms, an introduction to scat (funny sounds and voices), learning a song, body percussion and rhythmic dancing with sticks, all led by Alain Delbrasine.<\/p>\n<p>At Hotel de Clercx<br \/>\nFrom 2:00 PM to 3:00 PM<br \/>\nTicket: \u20ac5<\/p>\n<hr \/>\n<p><strong>Vaague \u2013 Immersive concert for ages 9 &#8211; 14<\/strong><\/p>\n<p>What if a single musician could sound like a whole band? With VAAGUE, drummer Antoine Pierre blends live drums and electronics to create, on his own, rich and immersive music, between jazz and contemporary styles. A fascinating concert inviting young audiences to discover how sounds are created, layered and transformed in real time.<\/p>\n<p>At Regina Club<br \/>\nFrom 3:30 PM<br \/>\nTicket: \u20ac10<\/p>\n<p>A perfect opportunity to discover jazz as a family in a fun and engaging way! \ud83d\udc9a<\/p>\n<p>Book now!<\/p>\n","protected":false},"excerpt":{"rendered":"<p>UHODA JAZZ AT LI\u00c8GE KIDS! Once again this year, Jazz in Li\u00e8ge offers an afternoon specially designed for children and\u2026<\/p>\n","protected":false},"author":1,"featured_media":0,"parent":105,"menu_order":0,"comment_status":"closed","ping_status":"closed","template":"","meta":{"_acf_changed":false,"footnotes":""},"class_list":["post-117","page","type-page","status-publish","hentry"],"acf":[],"yoast_head":"<!-- This site is optimized with the Yoast SEO plugin v27.3 - https:\/\/yoast.com\/product\/yoast-seo-wordpress\/ -->\n<title>Jazz Kids | Jazz \u00e0 Li\u00e8ge<\/title>\n<meta name=\"robots\" content=\"index, follow, max-snippet:-1, max-image-preview:large, max-video-preview:-1\" \/>\n<link rel=\"canonical\" href=\"https:\/\/jazzaliege.be\/en\/festival\/jazz-kids\/\" \/>\n<meta property=\"og:locale\" content=\"en_US\" \/>\n<meta property=\"og:type\" content=\"article\" \/>\n<meta property=\"og:title\" content=\"Jazz Kids | Jazz \u00e0 Li\u00e8ge\" \/>\n<meta property=\"og:description\" content=\"UHODA JAZZ AT LI\u00c8GE KIDS! Once again this year, Jazz in Li\u00e8ge offers an afternoon specially designed for children and\u2026\" \/>\n<meta property=\"og:url\" content=\"https:\/\/jazzaliege.be\/en\/festival\/jazz-kids\/\" \/>\n<meta property=\"og:site_name\" content=\"Jazz \u00e0 Li\u00e8ge\" \/>\n<meta property=\"article:modified_time\" content=\"2026-03-24T12:43:03+00:00\" \/>\n<meta property=\"og:image\" content=\"https:\/\/jazzaliege.be\/wp-content\/uploads\/2025\/05\/JAL25-BANNER-FACEBOOK-01-scaled.png\" \/>\n\t<meta property=\"og:image:width\" content=\"2560\" \/>\n\t<meta property=\"og:image:height\" content=\"1341\" \/>\n\t<meta property=\"og:image:type\" content=\"image\/png\" \/>\n<meta name=\"twitter:card\" content=\"summary_large_image\" \/>\n<meta name=\"twitter:label1\" content=\"Est. reading time\" \/>\n\t<meta name=\"twitter:data1\" content=\"1 minute\" \/>\n<!-- \/ Yoast SEO plugin. -->","yoast_head_json":{"title":"Jazz Kids | Jazz \u00e0 Li\u00e8ge","robots":{"index":"index","follow":"follow","max-snippet":"max-snippet:-1","max-image-preview":"max-image-preview:large","max-video-preview":"max-video-preview:-1"},"canonical":"https:\/\/jazzaliege.be\/en\/festival\/jazz-kids\/","og_locale":"en_US","og_type":"article","og_title":"Jazz Kids | Jazz \u00e0 Li\u00e8ge","og_description":"UHODA JAZZ AT LI\u00c8GE KIDS! Once again this year, Jazz in Li\u00e8ge offers an afternoon specially designed for children and\u2026","og_url":"https:\/\/jazzaliege.be\/en\/festival\/jazz-kids\/","og_site_name":"Jazz \u00e0 Li\u00e8ge","article_modified_time":"2026-03-24T12:43:03+00:00","og_image":[{"width":2560,"height":1341,"url":"https:\/\/jazzaliege.be\/wp-content\/uploads\/2025\/05\/JAL25-BANNER-FACEBOOK-01-scaled.png","type":"image\/png"}],"twitter_card":"summary_large_image","twitter_misc":{"Est. reading time":"1 minute"},"schema":{"@context":"https:\/\/schema.org","@graph":[{"@type":"WebPage","@id":"https:\/\/jazzaliege.be\/en\/festival\/jazz-kids\/","url":"https:\/\/jazzaliege.be\/en\/festival\/jazz-kids\/","name":"Jazz Kids | Jazz \u00e0 Li\u00e8ge","isPartOf":{"@id":"https:\/\/jazzaliege.be\/en\/#website"},"datePublished":"2025-02-14T10:21:32+00:00","dateModified":"2026-03-24T12:43:03+00:00","breadcrumb":{"@id":"https:\/\/jazzaliege.be\/en\/festival\/jazz-kids\/#breadcrumb"},"inLanguage":"en-US","potentialAction":[{"@type":"ReadAction","target":["https:\/\/jazzaliege.be\/en\/festival\/jazz-kids\/"]}]},{"@type":"BreadcrumbList","@id":"https:\/\/jazzaliege.be\/en\/festival\/jazz-kids\/#breadcrumb","itemListElement":[{"@type":"ListItem","position":1,"name":"Accueil","item":"https:\/\/jazzaliege.be\/en\/"},{"@type":"ListItem","position":2,"name":"Festival","item":"https:\/\/jazzaliege.be\/en\/festival\/"},{"@type":"ListItem","position":3,"name":"Jazz Kids"}]},{"@type":"WebSite","@id":"https:\/\/jazzaliege.be\/en\/#website","url":"https:\/\/jazzaliege.be\/en\/","name":"Jazz \u00e0 Li\u00e8ge","description":"","publisher":{"@id":"https:\/\/jazzaliege.be\/en\/#organization"},"potentialAction":[{"@type":"SearchAction","target":{"@type":"EntryPoint","urlTemplate":"https:\/\/jazzaliege.be\/en\/?s={search_term_string}"},"query-input":{"@type":"PropertyValueSpecification","valueRequired":true,"valueName":"search_term_string"}}],"inLanguage":"en-US"},{"@type":"Organization","@id":"https:\/\/jazzaliege.be\/en\/#organization","name":"Jazz \u00e0 Li\u00e8ge","url":"https:\/\/jazzaliege.be\/en\/","logo":{"@type":"ImageObject","inLanguage":"en-US","@id":"https:\/\/jazzaliege.be\/en\/#\/schema\/logo\/image\/","url":"https:\/\/jazzaliege.be\/wp-content\/uploads\/2025\/03\/favicon.png","contentUrl":"https:\/\/jazzaliege.be\/wp-content\/uploads\/2025\/03\/favicon.png","width":180,"height":180,"caption":"Jazz \u00e0 Li\u00e8ge"},"image":{"@id":"https:\/\/jazzaliege.be\/en\/#\/schema\/logo\/image\/"}}]}},"_links":{"self":[{"href":"https:\/\/jazzaliege.be\/en\/wp-json\/wp\/v2\/pages\/117","targetHints":{"allow":["GET"]}}],"collection":[{"href":"https:\/\/jazzaliege.be\/en\/wp-json\/wp\/v2\/pages"}],"about":[{"href":"https:\/\/jazzaliege.be\/en\/wp-json\/wp\/v2\/types\/page"}],"author":[{"embeddable":true,"href":"https:\/\/jazzaliege.be\/en\/wp-json\/wp\/v2\/users\/1"}],"replies":[{"embeddable":true,"href":"https:\/\/jazzaliege.be\/en\/wp-json\/wp\/v2\/comments?post=117"}],"version-history":[{"count":10,"href":"https:\/\/jazzaliege.be\/en\/wp-json\/wp\/v2\/pages\/117\/revisions"}],"predecessor-version":[{"id":2324,"href":"https:\/\/jazzaliege.be\/en\/wp-json\/wp\/v2\/pages\/117\/revisions\/2324"}],"up":[{"embeddable":true,"href":"https:\/\/jazzaliege.be\/en\/wp-json\/wp\/v2\/pages\/105"}],"wp:attachment":[{"href":"https:\/\/jazzaliege.be\/en\/wp-json\/wp\/v2\/media?parent=117"}],"curies":[{"name":"wp","href":"https:\/\/api.w.org\/{rel}","templated":true}]}}