{"id":119,"date":"2025-02-14T11:19:33","date_gmt":"2025-02-14T10:19:33","guid":{"rendered":"https:\/\/jazzaliege.be\/festival\/about-us\/"},"modified":"2025-04-10T12:03:00","modified_gmt":"2025-04-10T10:03:00","slug":"about-us","status":"publish","type":"page","link":"https:\/\/jazzaliege.be\/en\/festival\/about-us\/","title":{"rendered":"About us"},"content":{"rendered":"<p>For over 30 years, Jazz \u00e0 Li\u00e8ge has been the international festival in Li\u00e8ge that jazz lovers dare not miss. The aim of Uhoda Jazz \u00e0 Li\u00e8ge is to bring jazz to everyone, beyond the elite, thanks to an eclectic, international program.<br \/>\nFind out more about the history of the Jazz \u00e0 Li\u00e8ge festival over the years&#8230;<\/p>\n","protected":false},"excerpt":{"rendered":"<p>For over 30 years, Jazz \u00e0 Li\u00e8ge has been the international festival in Li\u00e8ge that jazz lovers dare not miss.\u2026<\/p>\n","protected":false},"author":1,"featured_media":0,"parent":105,"menu_order":0,"comment_status":"closed","ping_status":"closed","template":"page-rj2.php","meta":{"_acf_changed":false,"footnotes":""},"class_list":["post-119","page","type-page","status-publish","hentry"],"acf":[],"yoast_head":"<!-- This site is optimized with the Yoast SEO plugin v27.3 - https:\/\/yoast.com\/product\/yoast-seo-wordpress\/ -->\n<title>About us | Jazz \u00e0 Li\u00e8ge<\/title>\n<meta name=\"robots\" content=\"index, follow, max-snippet:-1, max-image-preview:large, max-video-preview:-1\" \/>\n<link rel=\"canonical\" href=\"https:\/\/jazzaliege.be\/en\/festival\/about-us\/\" \/>\n<meta property=\"og:locale\" content=\"en_US\" \/>\n<meta property=\"og:type\" content=\"article\" \/>\n<meta property=\"og:title\" content=\"About us | Jazz \u00e0 Li\u00e8ge\" \/>\n<meta property=\"og:description\" content=\"For over 30 years, Jazz \u00e0 Li\u00e8ge has been the international festival in Li\u00e8ge that jazz lovers dare not miss.\u2026\" \/>\n<meta property=\"og:url\" content=\"https:\/\/jazzaliege.be\/en\/festival\/about-us\/\" \/>\n<meta property=\"og:site_name\" content=\"Jazz \u00e0 Li\u00e8ge\" \/>\n<meta property=\"article:modified_time\" content=\"2025-04-10T10:03:00+00:00\" \/>\n<meta property=\"og:image\" content=\"https:\/\/jazzaliege.be\/wp-content\/uploads\/2025\/05\/JAL25-BANNER-FACEBOOK-01-scaled.png\" \/>\n\t<meta property=\"og:image:width\" content=\"2560\" \/>\n\t<meta property=\"og:image:height\" content=\"1341\" \/>\n\t<meta property=\"og:image:type\" content=\"image\/png\" \/>\n<meta name=\"twitter:card\" content=\"summary_large_image\" \/>\n<meta name=\"twitter:label1\" content=\"Est. reading time\" \/>\n\t<meta name=\"twitter:data1\" content=\"1 minute\" \/>\n<!-- \/ Yoast SEO plugin. -->","yoast_head_json":{"title":"About us | Jazz \u00e0 Li\u00e8ge","robots":{"index":"index","follow":"follow","max-snippet":"max-snippet:-1","max-image-preview":"max-image-preview:large","max-video-preview":"max-video-preview:-1"},"canonical":"https:\/\/jazzaliege.be\/en\/festival\/about-us\/","og_locale":"en_US","og_type":"article","og_title":"About us | Jazz \u00e0 Li\u00e8ge","og_description":"For over 30 years, Jazz \u00e0 Li\u00e8ge has been the international festival in Li\u00e8ge that jazz lovers dare not miss.\u2026","og_url":"https:\/\/jazzaliege.be\/en\/festival\/about-us\/","og_site_name":"Jazz \u00e0 Li\u00e8ge","article_modified_time":"2025-04-10T10:03:00+00:00","og_image":[{"width":2560,"height":1341,"url":"https:\/\/jazzaliege.be\/wp-content\/uploads\/2025\/05\/JAL25-BANNER-FACEBOOK-01-scaled.png","type":"image\/png"}],"twitter_card":"summary_large_image","twitter_misc":{"Est. reading time":"1 minute"},"schema":{"@context":"https:\/\/schema.org","@graph":[{"@type":"WebPage","@id":"https:\/\/jazzaliege.be\/en\/festival\/about-us\/","url":"https:\/\/jazzaliege.be\/en\/festival\/about-us\/","name":"About us | Jazz \u00e0 Li\u00e8ge","isPartOf":{"@id":"https:\/\/jazzaliege.be\/en\/#website"},"datePublished":"2025-02-14T10:19:33+00:00","dateModified":"2025-04-10T10:03:00+00:00","breadcrumb":{"@id":"https:\/\/jazzaliege.be\/en\/festival\/about-us\/#breadcrumb"},"inLanguage":"en-US","potentialAction":[{"@type":"ReadAction","target":["https:\/\/jazzaliege.be\/en\/festival\/about-us\/"]}]},{"@type":"BreadcrumbList","@id":"https:\/\/jazzaliege.be\/en\/festival\/about-us\/#breadcrumb","itemListElement":[{"@type":"ListItem","position":1,"name":"Accueil","item":"https:\/\/jazzaliege.be\/en\/"},{"@type":"ListItem","position":2,"name":"Festival","item":"https:\/\/jazzaliege.be\/en\/festival\/"},{"@type":"ListItem","position":3,"name":"About us"}]},{"@type":"WebSite","@id":"https:\/\/jazzaliege.be\/en\/#website","url":"https:\/\/jazzaliege.be\/en\/","name":"Jazz \u00e0 Li\u00e8ge","description":"","publisher":{"@id":"https:\/\/jazzaliege.be\/en\/#organization"},"potentialAction":[{"@type":"SearchAction","target":{"@type":"EntryPoint","urlTemplate":"https:\/\/jazzaliege.be\/en\/?s={search_term_string}"},"query-input":{"@type":"PropertyValueSpecification","valueRequired":true,"valueName":"search_term_string"}}],"inLanguage":"en-US"},{"@type":"Organization","@id":"https:\/\/jazzaliege.be\/en\/#organization","name":"Jazz \u00e0 Li\u00e8ge","url":"https:\/\/jazzaliege.be\/en\/","logo":{"@type":"ImageObject","inLanguage":"en-US","@id":"https:\/\/jazzaliege.be\/en\/#\/schema\/logo\/image\/","url":"https:\/\/jazzaliege.be\/wp-content\/uploads\/2025\/03\/favicon.png","contentUrl":"https:\/\/jazzaliege.be\/wp-content\/uploads\/2025\/03\/favicon.png","width":180,"height":180,"caption":"Jazz \u00e0 Li\u00e8ge"},"image":{"@id":"https:\/\/jazzaliege.be\/en\/#\/schema\/logo\/image\/"}}]}},"_links":{"self":[{"href":"https:\/\/jazzaliege.be\/en\/wp-json\/wp\/v2\/pages\/119","targetHints":{"allow":["GET"]}}],"collection":[{"href":"https:\/\/jazzaliege.be\/en\/wp-json\/wp\/v2\/pages"}],"about":[{"href":"https:\/\/jazzaliege.be\/en\/wp-json\/wp\/v2\/types\/page"}],"author":[{"embeddable":true,"href":"https:\/\/jazzaliege.be\/en\/wp-json\/wp\/v2\/users\/1"}],"replies":[{"embeddable":true,"href":"https:\/\/jazzaliege.be\/en\/wp-json\/wp\/v2\/comments?post=119"}],"version-history":[{"count":1,"href":"https:\/\/jazzaliege.be\/en\/wp-json\/wp\/v2\/pages\/119\/revisions"}],"predecessor-version":[{"id":1132,"href":"https:\/\/jazzaliege.be\/en\/wp-json\/wp\/v2\/pages\/119\/revisions\/1132"}],"up":[{"embeddable":true,"href":"https:\/\/jazzaliege.be\/en\/wp-json\/wp\/v2\/pages\/105"}],"wp:attachment":[{"href":"https:\/\/jazzaliege.be\/en\/wp-json\/wp\/v2\/media?parent=119"}],"curies":[{"name":"wp","href":"https:\/\/api.w.org\/{rel}","templated":true}]}}