{"id":131,"date":"2025-02-14T11:17:00","date_gmt":"2025-02-14T10:17:00","guid":{"rendered":"https:\/\/jazzaliege.be\/news\/pmr-accessibility\/"},"modified":"2026-02-18T11:20:29","modified_gmt":"2026-02-18T10:20:29","slug":"pmr-accessibility","status":"publish","type":"page","link":"https:\/\/jazzaliege.be\/en\/infos\/pmr-accessibility\/","title":{"rendered":"PMR accessibility"},"content":{"rendered":"<p>If you wish to attend<strong> Uhoda Jazz \u00e0 Li\u00e8ge<\/strong> and are a person with <strong>reduced mobility<\/strong>, or accompanying someone with reduced mobility, no worries: we\u2019ve thought of you! On this page, you will find all the <strong>information<\/strong> regarding <strong>accessibility<\/strong> at the festival\u2019s different concert venues.<\/p>\n<p>In general, all venues are <strong>accessible<\/strong> to people with reduced mobility. To ensure we can welcome you in the best possible conditions, we kindly ask you to <strong>arrive shortly before doors open<\/strong> and to <strong>make yourself known to the staff<\/strong> upon arrival. Our team will then guide you and make sure you are comfortably and appropriately seated in the venue.<\/p>\n<p>If a doubt remains, you can reach us by phone at <strong>+32 4 340 30 80<\/strong> or by message on our social media channels <strong>(Facebook: Uhoda Jazz \u00e0 Li\u00e8ge).<\/strong><\/p>\n<hr \/>\n<h3>Le Reflektor<\/h3>\n<p>Le Reflektor is a <strong>standing venue<\/strong>: no seating area is provided unless otherwise stated on the event page. However, the venue is accessible to people with reduced mobility and those with specific needs.<\/p>\n<ul>\n<li>A <strong>dedicated entrance<\/strong> is available at the <strong>back of the venue<\/strong> for wheelchair users.<\/li>\n<li>An accessible <strong>ground-level restroom<\/strong> is available.<\/li>\n<li>We recommend arriving <strong>before doors open<\/strong>.<\/li>\n<\/ul>\n<hr \/>\n<h3>La Cit\u00e9 Miroir<\/h3>\n<p>La Cit\u00e9 Miroir is certified with the <strong>Access-i<\/strong> label as an <strong>accessible<\/strong> venue for blind and visually impaired visitors, as well as for people who are hard of hearing and those with reduced mobility.<\/p>\n<ul>\n<li>The <strong>entrance<\/strong> is located on the <strong>right-hand side<\/strong> of the building.<\/li>\n<li>Due to the building\u2019s unique 1930s architecture, some stairways may limit mobility. <strong>Measures<\/strong> have been put in place to ensure visitors can be welcomed in the best possible conditions.<\/li>\n<li>We recommend arriving<strong> before doors open.<\/strong><\/li>\n<\/ul>\n<hr \/>\n<h3>Le Forum<\/h3>\n<p>Le Forum is <strong>accessible<\/strong> to people with reduced mobility.<\/p>\n<ul>\n<li>Entry is via the <strong>main entrance (Rue du Pont d\u2019Avroy).<\/strong><\/li>\n<li>We recommend arriving <strong>before doors open<\/strong> and <strong>informing staff<\/strong> of your presence upon arrival.<\/li>\n<\/ul>\n<hr \/>\n<h3>Le Trocad\u00e9ro<\/h3>\n<p>Le Trocad\u00e9ro is <strong>accessible<\/strong> to people with reduced mobility.<\/p>\n<ul>\n<li><strong>Dedicated<\/strong> spaces are available at the <strong>back of the stalls<\/strong> for people with reduced mobility and their companions.<\/li>\n<li>We recommend arriving <strong>before doors open<\/strong> and informing staff upon arrival. The ticket office and front-of-house team will take the necessary steps to ensure you have an enjoyable evening.<\/li>\n<\/ul>\n<hr \/>\n<h3>Any further questions?<\/h3>\n<p>You can reach us by phone at <strong>+32 4 340 30 80<\/strong> or by message on our social media channels<strong> (Facebook: Uhoda Jazz \u00e0 Li\u00e8ge).<\/strong><\/p>\n","protected":false},"excerpt":{"rendered":"<p>If you wish to attend Uhoda Jazz \u00e0 Li\u00e8ge and are a person with reduced mobility, or accompanying someone with\u2026<\/p>\n","protected":false},"author":1,"featured_media":0,"parent":126,"menu_order":0,"comment_status":"closed","ping_status":"closed","template":"page-rj.php","meta":{"_acf_changed":false,"footnotes":""},"class_list":["post-131","page","type-page","status-publish","hentry"],"acf":[],"yoast_head":"<!-- This site is optimized with the Yoast SEO plugin v27.4 - https:\/\/yoast.com\/product\/yoast-seo-wordpress\/ -->\n<title>PMR accessibility | Jazz \u00e0 Li\u00e8ge<\/title>\n<meta name=\"robots\" content=\"index, follow, max-snippet:-1, max-image-preview:large, max-video-preview:-1\" \/>\n<link rel=\"canonical\" href=\"https:\/\/jazzaliege.be\/en\/infos\/pmr-accessibility\/\" \/>\n<meta property=\"og:locale\" content=\"en_US\" \/>\n<meta property=\"og:type\" content=\"article\" \/>\n<meta property=\"og:title\" content=\"PMR accessibility | Jazz \u00e0 Li\u00e8ge\" \/>\n<meta property=\"og:description\" content=\"If you wish to attend Uhoda Jazz \u00e0 Li\u00e8ge and are a person with reduced mobility, or accompanying someone with\u2026\" \/>\n<meta property=\"og:url\" content=\"https:\/\/jazzaliege.be\/en\/infos\/pmr-accessibility\/\" \/>\n<meta property=\"og:site_name\" content=\"Jazz \u00e0 Li\u00e8ge\" \/>\n<meta property=\"article:modified_time\" content=\"2026-02-18T10:20:29+00:00\" \/>\n<meta property=\"og:image\" content=\"https:\/\/jazzaliege.be\/wp-content\/uploads\/2025\/05\/JAL25-BANNER-FACEBOOK-01-scaled.png\" \/>\n\t<meta property=\"og:image:width\" content=\"2560\" \/>\n\t<meta property=\"og:image:height\" content=\"1341\" \/>\n\t<meta property=\"og:image:type\" content=\"image\/png\" \/>\n<meta name=\"twitter:card\" content=\"summary_large_image\" \/>\n<meta name=\"twitter:label1\" content=\"Est. reading time\" \/>\n\t<meta name=\"twitter:data1\" content=\"3 minutes\" \/>\n<!-- \/ Yoast SEO plugin. -->","yoast_head_json":{"title":"PMR accessibility | Jazz \u00e0 Li\u00e8ge","robots":{"index":"index","follow":"follow","max-snippet":"max-snippet:-1","max-image-preview":"max-image-preview:large","max-video-preview":"max-video-preview:-1"},"canonical":"https:\/\/jazzaliege.be\/en\/infos\/pmr-accessibility\/","og_locale":"en_US","og_type":"article","og_title":"PMR accessibility | Jazz \u00e0 Li\u00e8ge","og_description":"If you wish to attend Uhoda Jazz \u00e0 Li\u00e8ge and are a person with reduced mobility, or accompanying someone with\u2026","og_url":"https:\/\/jazzaliege.be\/en\/infos\/pmr-accessibility\/","og_site_name":"Jazz \u00e0 Li\u00e8ge","article_modified_time":"2026-02-18T10:20:29+00:00","og_image":[{"width":2560,"height":1341,"url":"https:\/\/jazzaliege.be\/wp-content\/uploads\/2025\/05\/JAL25-BANNER-FACEBOOK-01-scaled.png","type":"image\/png"}],"twitter_card":"summary_large_image","twitter_misc":{"Est. reading time":"3 minutes"},"schema":{"@context":"https:\/\/schema.org","@graph":[{"@type":"WebPage","@id":"https:\/\/jazzaliege.be\/en\/infos\/pmr-accessibility\/","url":"https:\/\/jazzaliege.be\/en\/infos\/pmr-accessibility\/","name":"PMR accessibility | Jazz \u00e0 Li\u00e8ge","isPartOf":{"@id":"https:\/\/jazzaliege.be\/en\/#website"},"datePublished":"2025-02-14T10:17:00+00:00","dateModified":"2026-02-18T10:20:29+00:00","breadcrumb":{"@id":"https:\/\/jazzaliege.be\/en\/infos\/pmr-accessibility\/#breadcrumb"},"inLanguage":"en-US","potentialAction":[{"@type":"ReadAction","target":["https:\/\/jazzaliege.be\/en\/infos\/pmr-accessibility\/"]}]},{"@type":"BreadcrumbList","@id":"https:\/\/jazzaliege.be\/en\/infos\/pmr-accessibility\/#breadcrumb","itemListElement":[{"@type":"ListItem","position":1,"name":"Accueil","item":"https:\/\/jazzaliege.be\/en\/"},{"@type":"ListItem","position":2,"name":"Infos","item":"https:\/\/jazzaliege.be\/en\/infos\/"},{"@type":"ListItem","position":3,"name":"PMR accessibility"}]},{"@type":"WebSite","@id":"https:\/\/jazzaliege.be\/en\/#website","url":"https:\/\/jazzaliege.be\/en\/","name":"Jazz \u00e0 Li\u00e8ge","description":"","publisher":{"@id":"https:\/\/jazzaliege.be\/en\/#organization"},"potentialAction":[{"@type":"SearchAction","target":{"@type":"EntryPoint","urlTemplate":"https:\/\/jazzaliege.be\/en\/?s={search_term_string}"},"query-input":{"@type":"PropertyValueSpecification","valueRequired":true,"valueName":"search_term_string"}}],"inLanguage":"en-US"},{"@type":"Organization","@id":"https:\/\/jazzaliege.be\/en\/#organization","name":"Jazz \u00e0 Li\u00e8ge","url":"https:\/\/jazzaliege.be\/en\/","logo":{"@type":"ImageObject","inLanguage":"en-US","@id":"https:\/\/jazzaliege.be\/en\/#\/schema\/logo\/image\/","url":"https:\/\/jazzaliege.be\/wp-content\/uploads\/2025\/03\/favicon.png","contentUrl":"https:\/\/jazzaliege.be\/wp-content\/uploads\/2025\/03\/favicon.png","width":180,"height":180,"caption":"Jazz \u00e0 Li\u00e8ge"},"image":{"@id":"https:\/\/jazzaliege.be\/en\/#\/schema\/logo\/image\/"}}]}},"_links":{"self":[{"href":"https:\/\/jazzaliege.be\/en\/wp-json\/wp\/v2\/pages\/131","targetHints":{"allow":["GET"]}}],"collection":[{"href":"https:\/\/jazzaliege.be\/en\/wp-json\/wp\/v2\/pages"}],"about":[{"href":"https:\/\/jazzaliege.be\/en\/wp-json\/wp\/v2\/types\/page"}],"author":[{"embeddable":true,"href":"https:\/\/jazzaliege.be\/en\/wp-json\/wp\/v2\/users\/1"}],"replies":[{"embeddable":true,"href":"https:\/\/jazzaliege.be\/en\/wp-json\/wp\/v2\/comments?post=131"}],"version-history":[{"count":4,"href":"https:\/\/jazzaliege.be\/en\/wp-json\/wp\/v2\/pages\/131\/revisions"}],"predecessor-version":[{"id":2165,"href":"https:\/\/jazzaliege.be\/en\/wp-json\/wp\/v2\/pages\/131\/revisions\/2165"}],"up":[{"embeddable":true,"href":"https:\/\/jazzaliege.be\/en\/wp-json\/wp\/v2\/pages\/126"}],"wp:attachment":[{"href":"https:\/\/jazzaliege.be\/en\/wp-json\/wp\/v2\/media?parent=131"}],"curies":[{"name":"wp","href":"https:\/\/api.w.org\/{rel}","templated":true}]}}