{"id":1521,"date":"2025-04-29T13:37:41","date_gmt":"2025-04-29T11:37:41","guid":{"rendered":"https:\/\/jazzaliege.be\/?page_id=1521"},"modified":"2025-05-12T15:23:40","modified_gmt":"2025-05-12T13:23:40","slug":"jazz-off","status":"publish","type":"page","link":"https:\/\/jazzaliege.be\/en\/festival\/jazz-off\/","title":{"rendered":"Jazz off"},"content":{"rendered":"<p><img loading=\"lazy\" decoding=\"async\" class=\"alignnone wp-image-1553\" src=\"https:\/\/jazzaliege.be\/wp-content\/uploads\/2025\/04\/ALL-03-300x111.png\" alt=\"\" width=\"1500\" height=\"555\" srcset=\"https:\/\/jazzaliege.be\/wp-content\/uploads\/2025\/04\/ALL-03-300x111.png 300w, https:\/\/jazzaliege.be\/wp-content\/uploads\/2025\/04\/ALL-03-1024x379.png 1024w, https:\/\/jazzaliege.be\/wp-content\/uploads\/2025\/04\/ALL-03-768x285.png 768w, https:\/\/jazzaliege.be\/wp-content\/uploads\/2025\/04\/ALL-03-1536x569.png 1536w, https:\/\/jazzaliege.be\/wp-content\/uploads\/2025\/04\/ALL-03.png 1773w\" sizes=\"auto, (max-width: 1500px) 100vw, 1500px\" \/><\/p>\n<p>This year, discover the &#8220;OFF&#8221; festival of Uhoda Jazz in Li\u00e8ge!<\/p>\n<p>&nbsp;<\/p>\n<p>Designed to make the city pulse to the rhythm of jazz and beyond, this <strong>parallel festival<\/strong> highlights local Li\u00e8ge talents while bringing new energy to the bars and caf\u00e9s of the city center. \ud83e\udea9<\/p>\n<p>&nbsp;<\/p>\n<p>For <strong>4 days<\/strong>, <strong>4 iconic venues<\/strong> \u2014 <strong>Cappuccino, Flakbar, Dissocle Space, and Souplex<\/strong> \u2014 will host an eclectic program, blending styles and atmospheres to offer a unique and festive musical experience. The <strong>Jazz Off<\/strong> festival is the perfect opportunity to extend the spirit of Jazz \u00e0 Li\u00e8ge and discover new artists through concerts, DJ sets, and jam sessions. \u2728<\/p>\n<p>&nbsp;<\/p>\n<p>And the best part? It\u2019s completely <strong>free<\/strong>, from start to finish!<\/p>\n<p>&nbsp;<\/p>\n<p>The 4 bars are:<\/p>\n<ul>\n<li><strong>Cappuccino 1971 :<\/strong> Rooted in the heart of Li\u00e8ge, Cappuccino 1971 opens its stage to emerging and local artists in a warm and welcoming atmosphere. A place where culture, music, and conviviality come together!<\/li>\n<\/ul>\n<p style=\"padding-left: 40px;\">\ud83d\udccc Rue des Croisiers, 40<\/p>\n<p style=\"padding-left: 40px;\"><strong>Thursday 08: 6pm<\/strong> \u2013 Marti \/ <strong>8pm<\/strong> \u2013 Bee Fezz (DJ set)<br \/>\n<strong>Friday 09: 6pm<\/strong> \u2013 Dumb \/<strong> 8pm<\/strong> \u2013 Massi (DJ set)<br \/>\n<strong>Saturday 10: 6pm<\/strong> \u2013 Aurel DB \/ <strong>8pm<\/strong> \u2013 Tom Nate (DJ set)<\/p>\n<p>&nbsp;<\/p>\n<ul>\n<li><strong>Flak Bar:<\/strong> Brand new but already iconic, this bar combines live music with craft beers. Here, we support local artists\u2026 while enjoying beers specially brewed in collaboration!<\/li>\n<\/ul>\n<p style=\"padding-left: 40px;\">\ud83d\udccc Rue de la Violette, 9<\/p>\n<p style=\"padding-left: 40px;\"><strong>Thursday 08: 8pm<\/strong> \u2013 Moon Factory (live)<br \/>\n<strong>Friday 09: 8:30pm<\/strong> \u2013 Slalimo (live) \/ <strong>11:30pm<\/strong> \u2013 Bijoutier (DJ set)<br \/>\n<strong>Saturday 10: 8:30pm<\/strong> \u2013 Puma-Dechambre (live) \/ <strong>11:30pm<\/strong> \u2013 Baeluum (DJ set)<br \/>\n<strong>Sunday 11: 4pm<\/strong> \u2013 Lucky One (live)<\/p>\n<p>&nbsp;<\/p>\n<ul>\n<li><strong>Dissocle Space:<\/strong> A bold cultural venue, back this year with a sharp and alternative lineup. Discover fresh talent from Belgium and abroad!<\/li>\n<\/ul>\n<p style=\"padding-left: 40px;\">\ud83d\udccc Boulevard de la Sauveni\u00e8re, 123<\/p>\n<p style=\"padding-left: 40px;\"><strong>Thursday 08: 9:30pm<\/strong> \u2013 Andrea Monticciolo Trio (live)<br \/>\n<strong>Friday 09: 9:30pm<\/strong> \u2013 Amlou (live) \/ <strong>10:30pm<\/strong> \u2013 Bex (live) \/ <strong>11:30pm<\/strong> \u2013 Primeur (DJ set) \/ <strong>1am<\/strong> \u2013 Toki (DJ set)<br \/>\n<strong>Saturday 10: 9:30pm \u2013 Bleuroise (live) \/ 10:30pm \u2013 Nico Ducarme (live) \/ 11:30pm<\/strong> \u2013 DJ Takeway (DJ set) \/ <strong>1am<\/strong> \u2013 Bbfat (DJ set)<\/p>\n<p>&nbsp;<\/p>\n<ul>\n<li><strong>Souplex:<\/strong> Tucked inside a townhouse, Souplex is a true laboratory of artistic and audiovisual creation. Exhibitions, concerts, podcasts, fashion shows&#8230; here, disciplines blend freely and creatively.<\/li>\n<\/ul>\n<p style=\"padding-left: 40px;\">\ud83d\udccc Boulevard de la Sauveni\u00e8re, 27<\/p>\n<p style=\"padding-left: 40px;\"><strong>Thursday 08: 11:30pm<\/strong> \u2013 Liquid Bromance \/<strong> 1am<\/strong> \u2013 Tirambik<br \/>\n<strong>Friday 09: 11:30pm<\/strong> \u2013 The Machine Regrets Nothing \/ <strong>1am<\/strong> \u2013 Jam<br \/>\n<strong>Saturday 10: 11:30pm<\/strong> \u2013 Raandy (DJ set) \/<strong> 1am<\/strong> \u2013 Jam<br \/>\n<strong>Sunday 11: 4pm<\/strong> \u2013 Samaa + Liquid Bromance<\/p>\n<p>&nbsp;<\/p>\n<ul>\n<li><strong>Palais Provincial:<\/strong> Located in the heart of the fiery city, the Palais Provincial is considered the most beautiful civic monument in Wallonia. It is listed as both Exceptional Heritage of Wallonia and European Heritage.<\/li>\n<\/ul>\n<p style=\"padding-left: 40px;\">\ud83d\udccc Pl. Saint-Lambert 18A, 4000 Li\u00e8ge<\/p>\n<p style=\"padding-left: 40px;\"><strong>Saturday 10:<\/strong> Bernard Dobbeleer \/ Pauline Leblond<\/p>\n","protected":false},"excerpt":{"rendered":"<p>This year, discover the &#8220;OFF&#8221; festival of Uhoda Jazz in Li\u00e8ge! &nbsp; Designed to make the city pulse to the\u2026<\/p>\n","protected":false},"author":2,"featured_media":0,"parent":105,"menu_order":0,"comment_status":"closed","ping_status":"closed","template":"","meta":{"_acf_changed":false,"footnotes":""},"class_list":["post-1521","page","type-page","status-publish","hentry"],"acf":[],"yoast_head":"<!-- This site is optimized with the Yoast SEO plugin v27.3 - https:\/\/yoast.com\/product\/yoast-seo-wordpress\/ -->\n<title>Jazz off | Jazz \u00e0 Li\u00e8ge<\/title>\n<meta name=\"robots\" content=\"index, follow, max-snippet:-1, max-image-preview:large, max-video-preview:-1\" \/>\n<link rel=\"canonical\" href=\"https:\/\/jazzaliege.be\/en\/festival\/jazz-off\/\" \/>\n<meta property=\"og:locale\" content=\"en_US\" \/>\n<meta property=\"og:type\" content=\"article\" \/>\n<meta property=\"og:title\" content=\"Jazz off | Jazz \u00e0 Li\u00e8ge\" \/>\n<meta property=\"og:description\" content=\"This year, discover the &#8220;OFF&#8221; festival of Uhoda Jazz in Li\u00e8ge! &nbsp; Designed to make the city pulse to the\u2026\" \/>\n<meta property=\"og:url\" content=\"https:\/\/jazzaliege.be\/en\/festival\/jazz-off\/\" \/>\n<meta property=\"og:site_name\" content=\"Jazz \u00e0 Li\u00e8ge\" \/>\n<meta property=\"article:modified_time\" content=\"2025-05-12T13:23:40+00:00\" \/>\n<meta property=\"og:image\" content=\"https:\/\/jazzaliege.be\/wp-content\/uploads\/2025\/04\/ALL-03-300x111.png\" \/>\n<meta name=\"twitter:card\" content=\"summary_large_image\" \/>\n<meta name=\"twitter:label1\" content=\"Est. reading time\" \/>\n\t<meta name=\"twitter:data1\" content=\"3 minutes\" \/>\n<!-- \/ Yoast SEO plugin. -->","yoast_head_json":{"title":"Jazz off | Jazz \u00e0 Li\u00e8ge","robots":{"index":"index","follow":"follow","max-snippet":"max-snippet:-1","max-image-preview":"max-image-preview:large","max-video-preview":"max-video-preview:-1"},"canonical":"https:\/\/jazzaliege.be\/en\/festival\/jazz-off\/","og_locale":"en_US","og_type":"article","og_title":"Jazz off | Jazz \u00e0 Li\u00e8ge","og_description":"This year, discover the &#8220;OFF&#8221; festival of Uhoda Jazz in Li\u00e8ge! &nbsp; Designed to make the city pulse to the\u2026","og_url":"https:\/\/jazzaliege.be\/en\/festival\/jazz-off\/","og_site_name":"Jazz \u00e0 Li\u00e8ge","article_modified_time":"2025-05-12T13:23:40+00:00","og_image":[{"url":"https:\/\/jazzaliege.be\/wp-content\/uploads\/2025\/04\/ALL-03-300x111.png","type":"","width":"","height":""}],"twitter_card":"summary_large_image","twitter_misc":{"Est. reading time":"3 minutes"},"schema":{"@context":"https:\/\/schema.org","@graph":[{"@type":"WebPage","@id":"https:\/\/jazzaliege.be\/en\/festival\/jazz-off\/","url":"https:\/\/jazzaliege.be\/en\/festival\/jazz-off\/","name":"Jazz off | Jazz \u00e0 Li\u00e8ge","isPartOf":{"@id":"https:\/\/jazzaliege.be\/en\/#website"},"primaryImageOfPage":{"@id":"https:\/\/jazzaliege.be\/en\/festival\/jazz-off\/#primaryimage"},"image":{"@id":"https:\/\/jazzaliege.be\/en\/festival\/jazz-off\/#primaryimage"},"thumbnailUrl":"https:\/\/jazzaliege.be\/wp-content\/uploads\/2025\/04\/ALL-03-300x111.png","datePublished":"2025-04-29T11:37:41+00:00","dateModified":"2025-05-12T13:23:40+00:00","breadcrumb":{"@id":"https:\/\/jazzaliege.be\/en\/festival\/jazz-off\/#breadcrumb"},"inLanguage":"en-US","potentialAction":[{"@type":"ReadAction","target":["https:\/\/jazzaliege.be\/en\/festival\/jazz-off\/"]}]},{"@type":"ImageObject","inLanguage":"en-US","@id":"https:\/\/jazzaliege.be\/en\/festival\/jazz-off\/#primaryimage","url":"https:\/\/jazzaliege.be\/wp-content\/uploads\/2025\/04\/ALL-03-300x111.png","contentUrl":"https:\/\/jazzaliege.be\/wp-content\/uploads\/2025\/04\/ALL-03-300x111.png"},{"@type":"BreadcrumbList","@id":"https:\/\/jazzaliege.be\/en\/festival\/jazz-off\/#breadcrumb","itemListElement":[{"@type":"ListItem","position":1,"name":"Accueil","item":"https:\/\/jazzaliege.be\/en\/"},{"@type":"ListItem","position":2,"name":"Festival","item":"https:\/\/jazzaliege.be\/en\/festival\/"},{"@type":"ListItem","position":3,"name":"Jazz off"}]},{"@type":"WebSite","@id":"https:\/\/jazzaliege.be\/en\/#website","url":"https:\/\/jazzaliege.be\/en\/","name":"Jazz \u00e0 Li\u00e8ge","description":"","publisher":{"@id":"https:\/\/jazzaliege.be\/en\/#organization"},"potentialAction":[{"@type":"SearchAction","target":{"@type":"EntryPoint","urlTemplate":"https:\/\/jazzaliege.be\/en\/?s={search_term_string}"},"query-input":{"@type":"PropertyValueSpecification","valueRequired":true,"valueName":"search_term_string"}}],"inLanguage":"en-US"},{"@type":"Organization","@id":"https:\/\/jazzaliege.be\/en\/#organization","name":"Jazz \u00e0 Li\u00e8ge","url":"https:\/\/jazzaliege.be\/en\/","logo":{"@type":"ImageObject","inLanguage":"en-US","@id":"https:\/\/jazzaliege.be\/en\/#\/schema\/logo\/image\/","url":"https:\/\/jazzaliege.be\/wp-content\/uploads\/2025\/03\/favicon.png","contentUrl":"https:\/\/jazzaliege.be\/wp-content\/uploads\/2025\/03\/favicon.png","width":180,"height":180,"caption":"Jazz \u00e0 Li\u00e8ge"},"image":{"@id":"https:\/\/jazzaliege.be\/en\/#\/schema\/logo\/image\/"}}]}},"_links":{"self":[{"href":"https:\/\/jazzaliege.be\/en\/wp-json\/wp\/v2\/pages\/1521","targetHints":{"allow":["GET"]}}],"collection":[{"href":"https:\/\/jazzaliege.be\/en\/wp-json\/wp\/v2\/pages"}],"about":[{"href":"https:\/\/jazzaliege.be\/en\/wp-json\/wp\/v2\/types\/page"}],"author":[{"embeddable":true,"href":"https:\/\/jazzaliege.be\/en\/wp-json\/wp\/v2\/users\/2"}],"replies":[{"embeddable":true,"href":"https:\/\/jazzaliege.be\/en\/wp-json\/wp\/v2\/comments?post=1521"}],"version-history":[{"count":9,"href":"https:\/\/jazzaliege.be\/en\/wp-json\/wp\/v2\/pages\/1521\/revisions"}],"predecessor-version":[{"id":1681,"href":"https:\/\/jazzaliege.be\/en\/wp-json\/wp\/v2\/pages\/1521\/revisions\/1681"}],"up":[{"embeddable":true,"href":"https:\/\/jazzaliege.be\/en\/wp-json\/wp\/v2\/pages\/105"}],"wp:attachment":[{"href":"https:\/\/jazzaliege.be\/en\/wp-json\/wp\/v2\/media?parent=1521"}],"curies":[{"name":"wp","href":"https:\/\/api.w.org\/{rel}","templated":true}]}}