{"id":526,"date":"2025-04-08T16:03:25","date_gmt":"2025-04-08T14:03:25","guid":{"rendered":"https:\/\/jazzaliege.be\/timetable\/"},"modified":"2026-04-03T14:18:53","modified_gmt":"2026-04-03T12:18:53","slug":"timetable","status":"publish","type":"page","link":"https:\/\/jazzaliege.be\/en\/infos\/timetable\/","title":{"rendered":"Timetable"},"content":{"rendered":"<h2>FIND BELOW THE TIMETABLE FOR UHODA JAZZ \u00c0 LI\u00c8GE 2026!<\/h2>\n<p>&nbsp;<\/p>\n<p><img loading=\"lazy\" decoding=\"async\" class=\"wp-image-2449 aligncenter\" src=\"https:\/\/jazzaliege.be\/wp-content\/uploads\/2026\/04\/JAL26-Horaire-WEB-SansPrix-ENG-300x300.png\" alt=\"\" width=\"751\" height=\"751\" srcset=\"https:\/\/jazzaliege.be\/wp-content\/uploads\/2026\/04\/JAL26-Horaire-WEB-SansPrix-ENG-300x300.png 300w, https:\/\/jazzaliege.be\/wp-content\/uploads\/2026\/04\/JAL26-Horaire-WEB-SansPrix-ENG-1024x1024.png 1024w, https:\/\/jazzaliege.be\/wp-content\/uploads\/2026\/04\/JAL26-Horaire-WEB-SansPrix-ENG-150x150.png 150w, https:\/\/jazzaliege.be\/wp-content\/uploads\/2026\/04\/JAL26-Horaire-WEB-SansPrix-ENG-768x768.png 768w, https:\/\/jazzaliege.be\/wp-content\/uploads\/2026\/04\/JAL26-Horaire-WEB-SansPrix-ENG-1536x1536.png 1536w, https:\/\/jazzaliege.be\/wp-content\/uploads\/2026\/04\/JAL26-Horaire-WEB-SansPrix-ENG-2048x2048.png 2048w\" sizes=\"auto, (max-width: 751px) 100vw, 751px\" \/><\/p>\n","protected":false},"excerpt":{"rendered":"<p>FIND BELOW THE TIMETABLE FOR UHODA JAZZ \u00c0 LI\u00c8GE 2026! &nbsp;<\/p>\n","protected":false},"author":2,"featured_media":0,"parent":126,"menu_order":0,"comment_status":"closed","ping_status":"closed","template":"page-b.php","meta":{"_acf_changed":false,"footnotes":""},"class_list":["post-526","page","type-page","status-publish","hentry"],"acf":[],"yoast_head":"<!-- This site is optimized with the Yoast SEO plugin v27.3 - https:\/\/yoast.com\/product\/yoast-seo-wordpress\/ -->\n<title>Timetable | Jazz \u00e0 Li\u00e8ge<\/title>\n<meta name=\"robots\" content=\"index, follow, max-snippet:-1, max-image-preview:large, max-video-preview:-1\" \/>\n<link rel=\"canonical\" href=\"https:\/\/jazzaliege.be\/en\/infos\/timetable\/\" \/>\n<meta property=\"og:locale\" content=\"en_US\" \/>\n<meta property=\"og:type\" content=\"article\" \/>\n<meta property=\"og:title\" content=\"Timetable | Jazz \u00e0 Li\u00e8ge\" \/>\n<meta property=\"og:description\" content=\"FIND BELOW THE TIMETABLE FOR UHODA JAZZ \u00c0 LI\u00c8GE 2026! &nbsp;\" \/>\n<meta property=\"og:url\" content=\"https:\/\/jazzaliege.be\/en\/infos\/timetable\/\" \/>\n<meta property=\"og:site_name\" content=\"Jazz \u00e0 Li\u00e8ge\" \/>\n<meta property=\"article:modified_time\" content=\"2026-04-03T12:18:53+00:00\" \/>\n<meta property=\"og:image\" content=\"https:\/\/jazzaliege.be\/wp-content\/uploads\/2026\/04\/JAL26-Horaire-WEB-SansPrix-ENG-scaled.png\" \/>\n\t<meta property=\"og:image:width\" content=\"2560\" \/>\n\t<meta property=\"og:image:height\" content=\"2560\" \/>\n\t<meta property=\"og:image:type\" content=\"image\/png\" \/>\n<meta name=\"twitter:card\" content=\"summary_large_image\" \/>\n<meta name=\"twitter:label1\" content=\"Est. reading time\" \/>\n\t<meta name=\"twitter:data1\" content=\"1 minute\" \/>\n<!-- \/ Yoast SEO plugin. -->","yoast_head_json":{"title":"Timetable | Jazz \u00e0 Li\u00e8ge","robots":{"index":"index","follow":"follow","max-snippet":"max-snippet:-1","max-image-preview":"max-image-preview:large","max-video-preview":"max-video-preview:-1"},"canonical":"https:\/\/jazzaliege.be\/en\/infos\/timetable\/","og_locale":"en_US","og_type":"article","og_title":"Timetable | Jazz \u00e0 Li\u00e8ge","og_description":"FIND BELOW THE TIMETABLE FOR UHODA JAZZ \u00c0 LI\u00c8GE 2026! &nbsp;","og_url":"https:\/\/jazzaliege.be\/en\/infos\/timetable\/","og_site_name":"Jazz \u00e0 Li\u00e8ge","article_modified_time":"2026-04-03T12:18:53+00:00","og_image":[{"width":2560,"height":2560,"url":"https:\/\/jazzaliege.be\/wp-content\/uploads\/2026\/04\/JAL26-Horaire-WEB-SansPrix-ENG-scaled.png","type":"image\/png"}],"twitter_card":"summary_large_image","twitter_misc":{"Est. reading time":"1 minute"},"schema":{"@context":"https:\/\/schema.org","@graph":[{"@type":"WebPage","@id":"https:\/\/jazzaliege.be\/en\/infos\/timetable\/","url":"https:\/\/jazzaliege.be\/en\/infos\/timetable\/","name":"Timetable | Jazz \u00e0 Li\u00e8ge","isPartOf":{"@id":"https:\/\/jazzaliege.be\/en\/#website"},"primaryImageOfPage":{"@id":"https:\/\/jazzaliege.be\/en\/infos\/timetable\/#primaryimage"},"image":{"@id":"https:\/\/jazzaliege.be\/en\/infos\/timetable\/#primaryimage"},"thumbnailUrl":"https:\/\/jazzaliege.be\/wp-content\/uploads\/2026\/04\/JAL26-Horaire-WEB-SansPrix-ENG-300x300.png","datePublished":"2025-04-08T14:03:25+00:00","dateModified":"2026-04-03T12:18:53+00:00","breadcrumb":{"@id":"https:\/\/jazzaliege.be\/en\/infos\/timetable\/#breadcrumb"},"inLanguage":"en-US","potentialAction":[{"@type":"ReadAction","target":["https:\/\/jazzaliege.be\/en\/infos\/timetable\/"]}]},{"@type":"ImageObject","inLanguage":"en-US","@id":"https:\/\/jazzaliege.be\/en\/infos\/timetable\/#primaryimage","url":"https:\/\/jazzaliege.be\/wp-content\/uploads\/2026\/04\/JAL26-Horaire-WEB-SansPrix-ENG-300x300.png","contentUrl":"https:\/\/jazzaliege.be\/wp-content\/uploads\/2026\/04\/JAL26-Horaire-WEB-SansPrix-ENG-300x300.png"},{"@type":"BreadcrumbList","@id":"https:\/\/jazzaliege.be\/en\/infos\/timetable\/#breadcrumb","itemListElement":[{"@type":"ListItem","position":1,"name":"Accueil","item":"https:\/\/jazzaliege.be\/en\/"},{"@type":"ListItem","position":2,"name":"Infos","item":"https:\/\/jazzaliege.be\/en\/infos\/"},{"@type":"ListItem","position":3,"name":"Timetable"}]},{"@type":"WebSite","@id":"https:\/\/jazzaliege.be\/en\/#website","url":"https:\/\/jazzaliege.be\/en\/","name":"Jazz \u00e0 Li\u00e8ge","description":"","publisher":{"@id":"https:\/\/jazzaliege.be\/en\/#organization"},"potentialAction":[{"@type":"SearchAction","target":{"@type":"EntryPoint","urlTemplate":"https:\/\/jazzaliege.be\/en\/?s={search_term_string}"},"query-input":{"@type":"PropertyValueSpecification","valueRequired":true,"valueName":"search_term_string"}}],"inLanguage":"en-US"},{"@type":"Organization","@id":"https:\/\/jazzaliege.be\/en\/#organization","name":"Jazz \u00e0 Li\u00e8ge","url":"https:\/\/jazzaliege.be\/en\/","logo":{"@type":"ImageObject","inLanguage":"en-US","@id":"https:\/\/jazzaliege.be\/en\/#\/schema\/logo\/image\/","url":"https:\/\/jazzaliege.be\/wp-content\/uploads\/2025\/03\/favicon.png","contentUrl":"https:\/\/jazzaliege.be\/wp-content\/uploads\/2025\/03\/favicon.png","width":180,"height":180,"caption":"Jazz \u00e0 Li\u00e8ge"},"image":{"@id":"https:\/\/jazzaliege.be\/en\/#\/schema\/logo\/image\/"}}]}},"_links":{"self":[{"href":"https:\/\/jazzaliege.be\/en\/wp-json\/wp\/v2\/pages\/526","targetHints":{"allow":["GET"]}}],"collection":[{"href":"https:\/\/jazzaliege.be\/en\/wp-json\/wp\/v2\/pages"}],"about":[{"href":"https:\/\/jazzaliege.be\/en\/wp-json\/wp\/v2\/types\/page"}],"author":[{"embeddable":true,"href":"https:\/\/jazzaliege.be\/en\/wp-json\/wp\/v2\/users\/2"}],"replies":[{"embeddable":true,"href":"https:\/\/jazzaliege.be\/en\/wp-json\/wp\/v2\/comments?post=526"}],"version-history":[{"count":10,"href":"https:\/\/jazzaliege.be\/en\/wp-json\/wp\/v2\/pages\/526\/revisions"}],"predecessor-version":[{"id":2453,"href":"https:\/\/jazzaliege.be\/en\/wp-json\/wp\/v2\/pages\/526\/revisions\/2453"}],"up":[{"embeddable":true,"href":"https:\/\/jazzaliege.be\/en\/wp-json\/wp\/v2\/pages\/126"}],"wp:attachment":[{"href":"https:\/\/jazzaliege.be\/en\/wp-json\/wp\/v2\/media?parent=526"}],"curies":[{"name":"wp","href":"https:\/\/api.w.org\/{rel}","templated":true}]}}