{"id":542,"date":"2025-04-08T16:05:29","date_gmt":"2025-04-08T14:05:29","guid":{"rendered":"https:\/\/jazzaliege.be\/?page_id=542"},"modified":"2026-04-02T15:47:10","modified_gmt":"2026-04-02T13:47:10","slug":"mobility","status":"publish","type":"page","link":"https:\/\/jazzaliege.be\/en\/infos\/mobility\/","title":{"rendered":"Mobility"},"content":{"rendered":"<p>The UHODA JAZZ \u00e0 LIEGE festival takes place in several venues in downtown Li\u00e8ge.<\/p>\n<p>&nbsp;<\/p>\n<hr \/>\n<h2>CAR<\/h2>\n<p>Below is a list of parking lots in the vicinity of concert venues.<\/p>\n<ul>\n<li><strong>PARKING NEUJEAN<\/strong>: Boulevard de la Sauveni\u00e8re 45, 4000 Li\u00e8ge<br \/>\nRate <strong>\u20ac10.60<\/strong>, valid for entry <strong>after 6pm and until 1am<\/strong>.<br \/>\nTo benefit from this rate, <strong>go to the Reflektor<\/strong> to validate your ticket before going to the Parking Neujean ticket office.<\/li>\n<\/ul>\n<p>&nbsp;<\/p>\n<ul>\n<li><strong>PARKING CENTRAL PARK<\/strong>: Boulevard de la Sauveni\u00e8re 37, 4000 Li\u00e8ge<br \/>\nRate of <strong>\u20ac8,<\/strong> valid for entry <strong>after 6pm and until 1am<\/strong>.<br \/>\nTo benefit from this rate, <strong>go to the Reflektor<\/strong> to validate your ticket before going to the Central Park parking lot ticket office. <strong>The parking lot closes at 1 a.m. on Thursdays.<\/strong><\/li>\n<\/ul>\n<p>&nbsp;<\/p>\n<ul>\n<li><strong>PARKING OPERA<\/strong>: Rue Georges Cl\u00e9menceau, 4000 Li\u00e8ge<br \/>\nRate of <strong>\u20ac7,<\/strong> valid for any entry <strong>after 6pm until 1am<\/strong>.<br \/>\nTo benefit from this rate, please<strong> go to the Op\u00e9ra Parking ticket office.<\/strong><\/li>\n<\/ul>\n<p>&nbsp;<\/p>\n<ul>\n<li><strong>PARKING CARR\u00c9-JONFOSSE<\/strong> : Rue Jonfosse 73, 4000 Li\u00e8ge<br \/>\nOffers parking spaces at a rate of <strong>\u20ac6<\/strong> between <strong>6 PM and 6 AM<\/strong> without any prior ticket or voucher exchange.<\/li>\n<\/ul>\n<p>&nbsp;<\/p>\n<hr \/>\n<h2>TRAIN<\/h2>\n<p>The nearest train stations to the concert halls are <strong>Li\u00e8ge-Carr\u00e9, Li\u00e8ge-guillemins and Li\u00e8ge-Saint-Lambert.<\/strong><\/p>\n<p>You can then take the <strong>bus<\/strong> <strong>or streetcar<\/strong> to the concert halls.<\/p>\n<p>Plan your route on the <a href=\"https:\/\/www.belgiantrain.be\/fr\">SNCB<\/a> and <a href=\"https:\/\/www.letec.be\/\">TEC<\/a> websites<\/p>\n<p>&nbsp;<\/p>\n<hr \/>\n<h2>TRAM<\/h2>\n<p><strong>Streetcar<\/strong> line <strong>1<\/strong> runs close to the concert halls, linking the Guillemins station to the<strong>&#8220;Sauveni\u00e8re<\/strong>&#8221; and<strong>&#8220;Pont d&#8217;Avroy<\/strong>&#8221; stops.<\/p>\n<p>&nbsp;<\/p>\n","protected":false},"excerpt":{"rendered":"<p>The UHODA JAZZ \u00e0 LIEGE festival takes place in several venues in downtown Li\u00e8ge. &nbsp; CAR Below is a list\u2026<\/p>\n","protected":false},"author":2,"featured_media":0,"parent":126,"menu_order":0,"comment_status":"closed","ping_status":"closed","template":"page-v.php","meta":{"_acf_changed":false,"footnotes":""},"class_list":["post-542","page","type-page","status-publish","hentry"],"acf":[],"yoast_head":"<!-- This site is optimized with the Yoast SEO plugin v27.4 - https:\/\/yoast.com\/product\/yoast-seo-wordpress\/ -->\n<title>Mobility | Jazz \u00e0 Li\u00e8ge<\/title>\n<meta name=\"robots\" content=\"index, follow, max-snippet:-1, max-image-preview:large, max-video-preview:-1\" \/>\n<link rel=\"canonical\" href=\"https:\/\/jazzaliege.be\/en\/infos\/mobility\/\" \/>\n<meta property=\"og:locale\" content=\"en_US\" \/>\n<meta property=\"og:type\" content=\"article\" \/>\n<meta property=\"og:title\" content=\"Mobility | Jazz \u00e0 Li\u00e8ge\" \/>\n<meta property=\"og:description\" content=\"The UHODA JAZZ \u00e0 LIEGE festival takes place in several venues in downtown Li\u00e8ge. &nbsp; CAR Below is a list\u2026\" \/>\n<meta property=\"og:url\" content=\"https:\/\/jazzaliege.be\/en\/infos\/mobility\/\" \/>\n<meta property=\"og:site_name\" content=\"Jazz \u00e0 Li\u00e8ge\" \/>\n<meta property=\"article:modified_time\" content=\"2026-04-02T13:47:10+00:00\" \/>\n<meta property=\"og:image\" content=\"https:\/\/jazzaliege.be\/wp-content\/uploads\/2025\/05\/JAL25-BANNER-FACEBOOK-01-scaled.png\" \/>\n\t<meta property=\"og:image:width\" content=\"2560\" \/>\n\t<meta property=\"og:image:height\" content=\"1341\" \/>\n\t<meta property=\"og:image:type\" content=\"image\/png\" \/>\n<meta name=\"twitter:card\" content=\"summary_large_image\" \/>\n<meta name=\"twitter:label1\" content=\"Est. reading time\" \/>\n\t<meta name=\"twitter:data1\" content=\"2 minutes\" \/>\n<!-- \/ Yoast SEO plugin. -->","yoast_head_json":{"title":"Mobility | Jazz \u00e0 Li\u00e8ge","robots":{"index":"index","follow":"follow","max-snippet":"max-snippet:-1","max-image-preview":"max-image-preview:large","max-video-preview":"max-video-preview:-1"},"canonical":"https:\/\/jazzaliege.be\/en\/infos\/mobility\/","og_locale":"en_US","og_type":"article","og_title":"Mobility | Jazz \u00e0 Li\u00e8ge","og_description":"The UHODA JAZZ \u00e0 LIEGE festival takes place in several venues in downtown Li\u00e8ge. &nbsp; CAR Below is a list\u2026","og_url":"https:\/\/jazzaliege.be\/en\/infos\/mobility\/","og_site_name":"Jazz \u00e0 Li\u00e8ge","article_modified_time":"2026-04-02T13:47:10+00:00","og_image":[{"width":2560,"height":1341,"url":"https:\/\/jazzaliege.be\/wp-content\/uploads\/2025\/05\/JAL25-BANNER-FACEBOOK-01-scaled.png","type":"image\/png"}],"twitter_card":"summary_large_image","twitter_misc":{"Est. reading time":"2 minutes"},"schema":{"@context":"https:\/\/schema.org","@graph":[{"@type":"WebPage","@id":"https:\/\/jazzaliege.be\/en\/infos\/mobility\/","url":"https:\/\/jazzaliege.be\/en\/infos\/mobility\/","name":"Mobility | Jazz \u00e0 Li\u00e8ge","isPartOf":{"@id":"https:\/\/jazzaliege.be\/en\/#website"},"datePublished":"2025-04-08T14:05:29+00:00","dateModified":"2026-04-02T13:47:10+00:00","breadcrumb":{"@id":"https:\/\/jazzaliege.be\/en\/infos\/mobility\/#breadcrumb"},"inLanguage":"en-US","potentialAction":[{"@type":"ReadAction","target":["https:\/\/jazzaliege.be\/en\/infos\/mobility\/"]}]},{"@type":"BreadcrumbList","@id":"https:\/\/jazzaliege.be\/en\/infos\/mobility\/#breadcrumb","itemListElement":[{"@type":"ListItem","position":1,"name":"Accueil","item":"https:\/\/jazzaliege.be\/en\/"},{"@type":"ListItem","position":2,"name":"Infos","item":"https:\/\/jazzaliege.be\/en\/infos\/"},{"@type":"ListItem","position":3,"name":"Mobility"}]},{"@type":"WebSite","@id":"https:\/\/jazzaliege.be\/en\/#website","url":"https:\/\/jazzaliege.be\/en\/","name":"Jazz \u00e0 Li\u00e8ge","description":"","publisher":{"@id":"https:\/\/jazzaliege.be\/en\/#organization"},"potentialAction":[{"@type":"SearchAction","target":{"@type":"EntryPoint","urlTemplate":"https:\/\/jazzaliege.be\/en\/?s={search_term_string}"},"query-input":{"@type":"PropertyValueSpecification","valueRequired":true,"valueName":"search_term_string"}}],"inLanguage":"en-US"},{"@type":"Organization","@id":"https:\/\/jazzaliege.be\/en\/#organization","name":"Jazz \u00e0 Li\u00e8ge","url":"https:\/\/jazzaliege.be\/en\/","logo":{"@type":"ImageObject","inLanguage":"en-US","@id":"https:\/\/jazzaliege.be\/en\/#\/schema\/logo\/image\/","url":"https:\/\/jazzaliege.be\/wp-content\/uploads\/2025\/03\/favicon.png","contentUrl":"https:\/\/jazzaliege.be\/wp-content\/uploads\/2025\/03\/favicon.png","width":180,"height":180,"caption":"Jazz \u00e0 Li\u00e8ge"},"image":{"@id":"https:\/\/jazzaliege.be\/en\/#\/schema\/logo\/image\/"}}]}},"_links":{"self":[{"href":"https:\/\/jazzaliege.be\/en\/wp-json\/wp\/v2\/pages\/542","targetHints":{"allow":["GET"]}}],"collection":[{"href":"https:\/\/jazzaliege.be\/en\/wp-json\/wp\/v2\/pages"}],"about":[{"href":"https:\/\/jazzaliege.be\/en\/wp-json\/wp\/v2\/types\/page"}],"author":[{"embeddable":true,"href":"https:\/\/jazzaliege.be\/en\/wp-json\/wp\/v2\/users\/2"}],"replies":[{"embeddable":true,"href":"https:\/\/jazzaliege.be\/en\/wp-json\/wp\/v2\/comments?post=542"}],"version-history":[{"count":8,"href":"https:\/\/jazzaliege.be\/en\/wp-json\/wp\/v2\/pages\/542\/revisions"}],"predecessor-version":[{"id":2429,"href":"https:\/\/jazzaliege.be\/en\/wp-json\/wp\/v2\/pages\/542\/revisions\/2429"}],"up":[{"embeddable":true,"href":"https:\/\/jazzaliege.be\/en\/wp-json\/wp\/v2\/pages\/126"}],"wp:attachment":[{"href":"https:\/\/jazzaliege.be\/en\/wp-json\/wp\/v2\/media?parent=542"}],"curies":[{"name":"wp","href":"https:\/\/api.w.org\/{rel}","templated":true}]}}