{"id":118,"date":"2025-02-14T11:21:32","date_gmt":"2025-02-14T10:21:32","guid":{"rendered":"https:\/\/jazzaliege.be\/festival\/jazz-kinderen\/"},"modified":"2026-03-24T13:41:00","modified_gmt":"2026-03-24T12:41:00","slug":"jazz-kinderen","status":"publish","type":"page","link":"https:\/\/jazzaliege.be\/nl\/festival\/jazz-kinderen\/","title":{"rendered":"Jazz Kinderen"},"content":{"rendered":"<h1><strong>UHODA JAZZ IN LI\u00c8GE VOOR KINDEREN !<\/strong><\/h1>\n<p>Ook dit jaar biedt Jazz in Luik een namiddag speciaal voor kinderen en hun families, met twee leuke en toegankelijke activiteiten!<\/p>\n<hr \/>\n<p><strong>De kleine jazzliefhebbers \u2013 Animatie voor 8 &#8211; 10 jaar (in samenwerking met Jeunesses Musicales)<\/strong><\/p>\n<p>Een speelse workshop waarin kinderen jazz ontdekken terwijl ze plezier maken!<br \/>\nOp het programma? Spelletjes rond swing- en binaire ritmes, initiatie tot scat (grappige klanken en stemmen), het aanleren van een liedje, body percussion en ritmische dans met sticks, allemaal begeleid door Alain Delbrasine.<\/p>\n<p>In Hotel de Clercx<br \/>\nVan 14u tot 15u<br \/>\nTicket: \u20ac5<\/p>\n<hr \/>\n<p><strong>Vaague \u2013 Immersief concert voor 9 &#8211; 14 jaar<\/strong><\/p>\n<p>Wat als \u00e9\u00e9n muzikant kon klinken als een hele band? Met VAAGUE combineert drummer Antoine Pierre live drums en elektronica om in zijn eentje een rijke en meeslepende muziek te cre\u00ebren, tussen jazz en hedendaagse muziek. Een fascinerend concert dat jongeren uitnodigt om te ontdekken hoe geluiden in real time worden gecre\u00eberd, gelaagd en getransformeerd.<\/p>\n<p>In Regina Club<br \/>\nVanaf 15u30<br \/>\nTicket: \u20ac10<\/p>\n<p>Een ideaal moment om samen met het gezin op een speelse manier jazz te ontdekken! \ud83d\udc9a<\/p>\n<p>Reserveer nu!<\/p>\n","protected":false},"excerpt":{"rendered":"<p>UHODA JAZZ IN LI\u00c8GE VOOR KINDEREN ! Ook dit jaar biedt Jazz in Luik een namiddag speciaal voor kinderen en\u2026<\/p>\n","protected":false},"author":1,"featured_media":0,"parent":104,"menu_order":0,"comment_status":"closed","ping_status":"closed","template":"","meta":{"_acf_changed":false,"footnotes":""},"class_list":["post-118","page","type-page","status-publish","hentry"],"acf":[],"yoast_head":"<!-- This site is optimized with the Yoast SEO plugin v27.3 - https:\/\/yoast.com\/product\/yoast-seo-wordpress\/ -->\n<title>Jazz Kinderen | Jazz \u00e0 Li\u00e8ge<\/title>\n<meta name=\"robots\" content=\"index, follow, max-snippet:-1, max-image-preview:large, max-video-preview:-1\" \/>\n<link rel=\"canonical\" href=\"https:\/\/jazzaliege.be\/nl\/festival\/jazz-kinderen\/\" \/>\n<meta property=\"og:locale\" content=\"nl_NL\" \/>\n<meta property=\"og:type\" content=\"article\" \/>\n<meta property=\"og:title\" content=\"Jazz Kinderen | Jazz \u00e0 Li\u00e8ge\" \/>\n<meta property=\"og:description\" content=\"UHODA JAZZ IN LI\u00c8GE VOOR KINDEREN ! Ook dit jaar biedt Jazz in Luik een namiddag speciaal voor kinderen en\u2026\" \/>\n<meta property=\"og:url\" content=\"https:\/\/jazzaliege.be\/nl\/festival\/jazz-kinderen\/\" \/>\n<meta property=\"og:site_name\" content=\"Jazz \u00e0 Li\u00e8ge\" \/>\n<meta property=\"article:modified_time\" content=\"2026-03-24T12:41:00+00:00\" \/>\n<meta property=\"og:image\" content=\"https:\/\/jazzaliege.be\/wp-content\/uploads\/2025\/05\/JAL25-BANNER-FACEBOOK-01-scaled.png\" \/>\n\t<meta property=\"og:image:width\" content=\"2560\" \/>\n\t<meta property=\"og:image:height\" content=\"1341\" \/>\n\t<meta property=\"og:image:type\" content=\"image\/png\" \/>\n<meta name=\"twitter:card\" content=\"summary_large_image\" \/>\n<meta name=\"twitter:label1\" content=\"Geschatte leestijd\" \/>\n\t<meta name=\"twitter:data1\" content=\"1 minuut\" \/>\n<!-- \/ Yoast SEO plugin. -->","yoast_head_json":{"title":"Jazz Kinderen | Jazz \u00e0 Li\u00e8ge","robots":{"index":"index","follow":"follow","max-snippet":"max-snippet:-1","max-image-preview":"max-image-preview:large","max-video-preview":"max-video-preview:-1"},"canonical":"https:\/\/jazzaliege.be\/nl\/festival\/jazz-kinderen\/","og_locale":"nl_NL","og_type":"article","og_title":"Jazz Kinderen | Jazz \u00e0 Li\u00e8ge","og_description":"UHODA JAZZ IN LI\u00c8GE VOOR KINDEREN ! Ook dit jaar biedt Jazz in Luik een namiddag speciaal voor kinderen en\u2026","og_url":"https:\/\/jazzaliege.be\/nl\/festival\/jazz-kinderen\/","og_site_name":"Jazz \u00e0 Li\u00e8ge","article_modified_time":"2026-03-24T12:41:00+00:00","og_image":[{"width":2560,"height":1341,"url":"https:\/\/jazzaliege.be\/wp-content\/uploads\/2025\/05\/JAL25-BANNER-FACEBOOK-01-scaled.png","type":"image\/png"}],"twitter_card":"summary_large_image","twitter_misc":{"Geschatte leestijd":"1 minuut"},"schema":{"@context":"https:\/\/schema.org","@graph":[{"@type":"WebPage","@id":"https:\/\/jazzaliege.be\/nl\/festival\/jazz-kinderen\/","url":"https:\/\/jazzaliege.be\/nl\/festival\/jazz-kinderen\/","name":"Jazz Kinderen | Jazz \u00e0 Li\u00e8ge","isPartOf":{"@id":"https:\/\/jazzaliege.be\/nl\/#website"},"datePublished":"2025-02-14T10:21:32+00:00","dateModified":"2026-03-24T12:41:00+00:00","breadcrumb":{"@id":"https:\/\/jazzaliege.be\/nl\/festival\/jazz-kinderen\/#breadcrumb"},"inLanguage":"nl-NL","potentialAction":[{"@type":"ReadAction","target":["https:\/\/jazzaliege.be\/nl\/festival\/jazz-kinderen\/"]}]},{"@type":"BreadcrumbList","@id":"https:\/\/jazzaliege.be\/nl\/festival\/jazz-kinderen\/#breadcrumb","itemListElement":[{"@type":"ListItem","position":1,"name":"Accueil","item":"https:\/\/jazzaliege.be\/nl\/"},{"@type":"ListItem","position":2,"name":"Festival","item":"https:\/\/jazzaliege.be\/nl\/festival\/"},{"@type":"ListItem","position":3,"name":"Jazz Kinderen"}]},{"@type":"WebSite","@id":"https:\/\/jazzaliege.be\/nl\/#website","url":"https:\/\/jazzaliege.be\/nl\/","name":"Jazz \u00e0 Li\u00e8ge","description":"","publisher":{"@id":"https:\/\/jazzaliege.be\/nl\/#organization"},"potentialAction":[{"@type":"SearchAction","target":{"@type":"EntryPoint","urlTemplate":"https:\/\/jazzaliege.be\/nl\/?s={search_term_string}"},"query-input":{"@type":"PropertyValueSpecification","valueRequired":true,"valueName":"search_term_string"}}],"inLanguage":"nl-NL"},{"@type":"Organization","@id":"https:\/\/jazzaliege.be\/nl\/#organization","name":"Jazz \u00e0 Li\u00e8ge","url":"https:\/\/jazzaliege.be\/nl\/","logo":{"@type":"ImageObject","inLanguage":"nl-NL","@id":"https:\/\/jazzaliege.be\/nl\/#\/schema\/logo\/image\/","url":"https:\/\/jazzaliege.be\/wp-content\/uploads\/2025\/03\/favicon.png","contentUrl":"https:\/\/jazzaliege.be\/wp-content\/uploads\/2025\/03\/favicon.png","width":180,"height":180,"caption":"Jazz \u00e0 Li\u00e8ge"},"image":{"@id":"https:\/\/jazzaliege.be\/nl\/#\/schema\/logo\/image\/"}}]}},"_links":{"self":[{"href":"https:\/\/jazzaliege.be\/nl\/wp-json\/wp\/v2\/pages\/118","targetHints":{"allow":["GET"]}}],"collection":[{"href":"https:\/\/jazzaliege.be\/nl\/wp-json\/wp\/v2\/pages"}],"about":[{"href":"https:\/\/jazzaliege.be\/nl\/wp-json\/wp\/v2\/types\/page"}],"author":[{"embeddable":true,"href":"https:\/\/jazzaliege.be\/nl\/wp-json\/wp\/v2\/users\/1"}],"replies":[{"embeddable":true,"href":"https:\/\/jazzaliege.be\/nl\/wp-json\/wp\/v2\/comments?post=118"}],"version-history":[{"count":9,"href":"https:\/\/jazzaliege.be\/nl\/wp-json\/wp\/v2\/pages\/118\/revisions"}],"predecessor-version":[{"id":2323,"href":"https:\/\/jazzaliege.be\/nl\/wp-json\/wp\/v2\/pages\/118\/revisions\/2323"}],"up":[{"embeddable":true,"href":"https:\/\/jazzaliege.be\/nl\/wp-json\/wp\/v2\/pages\/104"}],"wp:attachment":[{"href":"https:\/\/jazzaliege.be\/nl\/wp-json\/wp\/v2\/media?parent=118"}],"curies":[{"name":"wp","href":"https:\/\/api.w.org\/{rel}","templated":true}]}}