{"id":125,"date":"2025-02-14T11:17:00","date_gmt":"2025-02-14T10:17:00","guid":{"rendered":"https:\/\/jazzaliege.be\/toegankelijkheid-prm\/"},"modified":"2026-02-18T11:20:29","modified_gmt":"2026-02-18T10:20:29","slug":"toegankelijkheid-prm","status":"publish","type":"page","link":"https:\/\/jazzaliege.be\/nl\/info\/toegankelijkheid-prm\/","title":{"rendered":"Toegankelijkheid PRM"},"content":{"rendered":"<p>U wenst naar <strong>Uhoda Jazz \u00e0 Li\u00e8ge<\/strong> te komen en bent een <strong>persoon met beperkte mobiliteit<\/strong> of begeleidt iemand met beperkte mobiliteit? Geen zorgen, we hebben aan u gedacht! Op deze pagina vindt u alle <strong>informatie over de toegankelijkheid<\/strong> van de verschillende concertzalen van het festival.<\/p>\n<p>Over het algemeen zijn<strong> alle zalen toegankelijk<\/strong> voor personen met beperkte mobiliteit. Om u in de beste omstandigheden te ontvangen, nodigen wij u uit om iets <strong>v\u00f3\u00f3r de opening van de deuren<\/strong> aanwezig te zijn en u bij aankomst <strong>aan te melden bij het personeel<\/strong>. Ons team kan u dan verder helpen en ervoor zorgen dat u optimaal in de zaal wordt geplaatst.<\/p>\n<p>Nog vragen? U kunt ons telefonisch bereiken op <strong>+32 4 340 30 80<\/strong> of via bericht op onze sociale media <strong>(Facebook: Uhoda Jazz \u00e0 Li\u00e8ge).<\/strong><\/p>\n<hr \/>\n<h3>Le Reflektor<\/h3>\n<p>Le Reflektor is een <strong>staande<\/strong> zaal: er zijn geen zitplaatsen voorzien, tenzij anders vermeld op de evenementpagina. De zaal is wel toegankelijk voor <strong>personen met beperkte mobiliteit<\/strong> en personen met specifieke noden.<\/p>\n<ul>\n<li>Er is een <strong>aparte ingang<\/strong> voorzien aan de <strong>achterkant<\/strong> van de zaal voor rolstoelgebruikers.<\/li>\n<li>Er is een <strong>aangepast toilet<\/strong> op gelijkvloers niveau beschikbaar.<\/li>\n<li>Wij raden aan om <strong>v\u00f3\u00f3r de opening van de deuren<\/strong> aanwezig te zijn.<\/li>\n<\/ul>\n<hr \/>\n<h3>La Cit\u00e9 Miroir<\/h3>\n<p>La Cit\u00e9 Miroir is gecertificeerd met het <strong>Access-i<\/strong> label als toegankelijke locatie voor blinden en slechtzienden, slechthorenden en personen met beperkte mobiliteit.<\/p>\n<ul>\n<li>De ingang bevindt zich aan de <strong>rechterzijde<\/strong> van het gebouw.<\/li>\n<li>Door de bijzondere architectuur van het gebouw uit de jaren 30 kunnen sommige trappen de doorgang bemoeilijken. Er zijn echter <strong>maatregelen<\/strong> genomen om bezoekers in de beste omstandigheden te ontvangen.<\/li>\n<li>Wij raden aan om <strong>v\u00f3\u00f3r de opening<\/strong> van de deuren aanwezig te zijn.<\/li>\n<\/ul>\n<hr \/>\n<h3>Le Forum<\/h3>\n<p>Le Forum is <strong>toegankelijk<\/strong> voor personen met beperkte mobiliteit.<\/p>\n<ul>\n<li>De toegang verloopt via de<strong> hoofdingang (Rue du Pont d\u2019Avroy).<\/strong><\/li>\n<li>Wij raden aan om <strong>v\u00f3\u00f3r de opening<\/strong> van de deuren aanwezig te zijn en u bij aankomst aan te melden bij het personeel.<\/li>\n<\/ul>\n<hr \/>\n<h3>Le Trocad\u00e9ro<\/h3>\n<p>Le Trocad\u00e9ro is <strong>toegankelijk<\/strong> voor personen met beperkte mobiliteit.<\/p>\n<ul>\n<li>In de zaal zijn plaatsen<strong> voorzien achteraan in de parterre<\/strong> voor personen met beperkte mobiliteit en hun begeleiders.<\/li>\n<li>Wij raden aan om <strong>v\u00f3\u00f3r de opening<\/strong> van de deuren aanwezig te zijn en u bij aankomst <strong>aan te melden bij het personeel.<\/strong> De ticketbalie en het onthaalteam nemen de nodige maatregelen zodat uw avond vlot kan verlopen.<\/li>\n<\/ul>\n<hr \/>\n<h3>Nog vragen?<\/h3>\n<p>U kunt ons telefonisch bereiken op <strong>+32 4 340 30 80<\/strong> of via bericht op onze sociale media <strong>(Facebook: Uhoda Jazz \u00e0 Li\u00e8ge).<\/strong><\/p>\n","protected":false},"excerpt":{"rendered":"<p>U wenst naar Uhoda Jazz \u00e0 Li\u00e8ge te komen en bent een persoon met beperkte mobiliteit of begeleidt iemand met\u2026<\/p>\n","protected":false},"author":1,"featured_media":0,"parent":127,"menu_order":0,"comment_status":"closed","ping_status":"closed","template":"page-rj.php","meta":{"_acf_changed":false,"footnotes":""},"class_list":["post-125","page","type-page","status-publish","hentry"],"acf":[],"yoast_head":"<!-- This site is optimized with the Yoast SEO plugin v27.4 - https:\/\/yoast.com\/product\/yoast-seo-wordpress\/ -->\n<title>Toegankelijkheid PRM | Jazz \u00e0 Li\u00e8ge<\/title>\n<meta name=\"robots\" content=\"index, follow, max-snippet:-1, max-image-preview:large, max-video-preview:-1\" \/>\n<link rel=\"canonical\" href=\"https:\/\/jazzaliege.be\/nl\/info\/toegankelijkheid-prm\/\" \/>\n<meta property=\"og:locale\" content=\"nl_NL\" \/>\n<meta property=\"og:type\" content=\"article\" \/>\n<meta property=\"og:title\" content=\"Toegankelijkheid PRM | Jazz \u00e0 Li\u00e8ge\" \/>\n<meta property=\"og:description\" content=\"U wenst naar Uhoda Jazz \u00e0 Li\u00e8ge te komen en bent een persoon met beperkte mobiliteit of begeleidt iemand met\u2026\" \/>\n<meta property=\"og:url\" content=\"https:\/\/jazzaliege.be\/nl\/info\/toegankelijkheid-prm\/\" \/>\n<meta property=\"og:site_name\" content=\"Jazz \u00e0 Li\u00e8ge\" \/>\n<meta property=\"article:modified_time\" content=\"2026-02-18T10:20:29+00:00\" \/>\n<meta property=\"og:image\" content=\"https:\/\/jazzaliege.be\/wp-content\/uploads\/2025\/05\/JAL25-BANNER-FACEBOOK-01-scaled.png\" \/>\n\t<meta property=\"og:image:width\" content=\"2560\" \/>\n\t<meta property=\"og:image:height\" content=\"1341\" \/>\n\t<meta property=\"og:image:type\" content=\"image\/png\" \/>\n<meta name=\"twitter:card\" content=\"summary_large_image\" \/>\n<meta name=\"twitter:label1\" content=\"Geschatte leestijd\" \/>\n\t<meta name=\"twitter:data1\" content=\"3 minuten\" \/>\n<!-- \/ Yoast SEO plugin. -->","yoast_head_json":{"title":"Toegankelijkheid PRM | Jazz \u00e0 Li\u00e8ge","robots":{"index":"index","follow":"follow","max-snippet":"max-snippet:-1","max-image-preview":"max-image-preview:large","max-video-preview":"max-video-preview:-1"},"canonical":"https:\/\/jazzaliege.be\/nl\/info\/toegankelijkheid-prm\/","og_locale":"nl_NL","og_type":"article","og_title":"Toegankelijkheid PRM | Jazz \u00e0 Li\u00e8ge","og_description":"U wenst naar Uhoda Jazz \u00e0 Li\u00e8ge te komen en bent een persoon met beperkte mobiliteit of begeleidt iemand met\u2026","og_url":"https:\/\/jazzaliege.be\/nl\/info\/toegankelijkheid-prm\/","og_site_name":"Jazz \u00e0 Li\u00e8ge","article_modified_time":"2026-02-18T10:20:29+00:00","og_image":[{"width":2560,"height":1341,"url":"https:\/\/jazzaliege.be\/wp-content\/uploads\/2025\/05\/JAL25-BANNER-FACEBOOK-01-scaled.png","type":"image\/png"}],"twitter_card":"summary_large_image","twitter_misc":{"Geschatte leestijd":"3 minuten"},"schema":{"@context":"https:\/\/schema.org","@graph":[{"@type":"WebPage","@id":"https:\/\/jazzaliege.be\/nl\/info\/toegankelijkheid-prm\/","url":"https:\/\/jazzaliege.be\/nl\/info\/toegankelijkheid-prm\/","name":"Toegankelijkheid PRM | Jazz \u00e0 Li\u00e8ge","isPartOf":{"@id":"https:\/\/jazzaliege.be\/nl\/#website"},"datePublished":"2025-02-14T10:17:00+00:00","dateModified":"2026-02-18T10:20:29+00:00","breadcrumb":{"@id":"https:\/\/jazzaliege.be\/nl\/info\/toegankelijkheid-prm\/#breadcrumb"},"inLanguage":"nl-NL","potentialAction":[{"@type":"ReadAction","target":["https:\/\/jazzaliege.be\/nl\/info\/toegankelijkheid-prm\/"]}]},{"@type":"BreadcrumbList","@id":"https:\/\/jazzaliege.be\/nl\/info\/toegankelijkheid-prm\/#breadcrumb","itemListElement":[{"@type":"ListItem","position":1,"name":"Accueil","item":"https:\/\/jazzaliege.be\/nl\/"},{"@type":"ListItem","position":2,"name":"Info","item":"https:\/\/jazzaliege.be\/nl\/info\/"},{"@type":"ListItem","position":3,"name":"Toegankelijkheid PRM"}]},{"@type":"WebSite","@id":"https:\/\/jazzaliege.be\/nl\/#website","url":"https:\/\/jazzaliege.be\/nl\/","name":"Jazz \u00e0 Li\u00e8ge","description":"","publisher":{"@id":"https:\/\/jazzaliege.be\/nl\/#organization"},"potentialAction":[{"@type":"SearchAction","target":{"@type":"EntryPoint","urlTemplate":"https:\/\/jazzaliege.be\/nl\/?s={search_term_string}"},"query-input":{"@type":"PropertyValueSpecification","valueRequired":true,"valueName":"search_term_string"}}],"inLanguage":"nl-NL"},{"@type":"Organization","@id":"https:\/\/jazzaliege.be\/nl\/#organization","name":"Jazz \u00e0 Li\u00e8ge","url":"https:\/\/jazzaliege.be\/nl\/","logo":{"@type":"ImageObject","inLanguage":"nl-NL","@id":"https:\/\/jazzaliege.be\/nl\/#\/schema\/logo\/image\/","url":"https:\/\/jazzaliege.be\/wp-content\/uploads\/2025\/03\/favicon.png","contentUrl":"https:\/\/jazzaliege.be\/wp-content\/uploads\/2025\/03\/favicon.png","width":180,"height":180,"caption":"Jazz \u00e0 Li\u00e8ge"},"image":{"@id":"https:\/\/jazzaliege.be\/nl\/#\/schema\/logo\/image\/"}}]}},"_links":{"self":[{"href":"https:\/\/jazzaliege.be\/nl\/wp-json\/wp\/v2\/pages\/125","targetHints":{"allow":["GET"]}}],"collection":[{"href":"https:\/\/jazzaliege.be\/nl\/wp-json\/wp\/v2\/pages"}],"about":[{"href":"https:\/\/jazzaliege.be\/nl\/wp-json\/wp\/v2\/types\/page"}],"author":[{"embeddable":true,"href":"https:\/\/jazzaliege.be\/nl\/wp-json\/wp\/v2\/users\/1"}],"replies":[{"embeddable":true,"href":"https:\/\/jazzaliege.be\/nl\/wp-json\/wp\/v2\/comments?post=125"}],"version-history":[{"count":5,"href":"https:\/\/jazzaliege.be\/nl\/wp-json\/wp\/v2\/pages\/125\/revisions"}],"predecessor-version":[{"id":2167,"href":"https:\/\/jazzaliege.be\/nl\/wp-json\/wp\/v2\/pages\/125\/revisions\/2167"}],"up":[{"embeddable":true,"href":"https:\/\/jazzaliege.be\/nl\/wp-json\/wp\/v2\/pages\/127"}],"wp:attachment":[{"href":"https:\/\/jazzaliege.be\/nl\/wp-json\/wp\/v2\/media?parent=125"}],"curies":[{"name":"wp","href":"https:\/\/api.w.org\/{rel}","templated":true}]}}