{"id":1356,"date":"2025-03-24T16:11:12","date_gmt":"2025-03-24T15:11:12","guid":{"rendered":"https:\/\/jazzaliege.be\/?page_id=1356"},"modified":"2026-03-24T15:07:32","modified_gmt":"2026-03-24T14:07:32","slug":"praktische-info","status":"publish","type":"page","link":"https:\/\/jazzaliege.be\/nl\/info\/praktische-info\/","title":{"rendered":"PRAKTISCHE INFO"},"content":{"rendered":"<h3>Uhoda Jazz \u00e0 Li\u00e8ge, een stad op het ritme van jazz<\/h3>\n<p>Uhoda Jazz \u00e0 Li\u00e8ge staat voor vier dagen muziek in het hart van de Vurige Stede, van 7 tot 10 mei 2026.<\/p>\n<p>Tijdens het festival treden elke dag tientallen Belgische en internationale artiesten op in iconische locaties in het stadscentrum: Reflektor, Cit\u00e9 Miroir, Forum, Trocad\u00e9ro en Salle R\u00e9gina.<\/p>\n<p>Tussen intieme clubs, historische theaters en gerenommeerde concertzalen biedt het festival een echte muzikale route door de stad, met een volledig panorama van jazz \u2014 van elegante swing tot hedendaagse klanken.<\/p>\n<p>Uhoda Jazz \u00e0 Li\u00e8ge is ook een uitnodiging om de stad anders te beleven: van zaal naar zaal trekken, tussen de concerten door flaneren, genieten van de warme Luikse sfeer en bijzondere momenten delen met andere muziekliefhebbers.<\/p>\n<p>Naast de concerten biedt het festival ook een hele reeks activiteiten die voor iedereen toegankelijk zijn. Bezoek het festival-QG, gevestigd in H\u00f4tel de Clercx (Rue Saint-Paul 27), een echte ontmoetingsplek gedurende deze vier dagen. Vrij toegankelijk, verwelkomt het elke avond het publiek met DJ-sets, een gezellige sfeer en verschillende participatieve evenementen: een swingbal met initiatie om de dansvloer te ontdekken, een Latin-avond met een initiatie bachata, en op zondag activiteiten speciaal voor kinderen. Een levendige en warme plek om de jazzbeleving ver buiten de concertzalen voort te zetten!<\/p>\n<p>&nbsp;<\/p>\n<hr \/>\n<h3>Ticketing: hoe krijgt u toegang tot de concerten?<\/h3>\n<p>Om uw eigen festivalparcours samen te stellen, zijn er verschillende ticketformules beschikbaar.<\/p>\n<p>&nbsp;<\/p>\n<ul>\n<li><strong>Individueel ticket<\/strong><\/li>\n<\/ul>\n<p>Het individuele ticket geeft toegang tot \u00e9\u00e9n specifiek concert, in een bepaalde zaal en op een vastgelegde datum. Deze formule is ideaal als u een specifiek evenement wilt bijwonen.<\/p>\n<p>&nbsp;<\/p>\n<ul>\n<li><strong>Day Ticket (1-dagpas)<\/strong><\/li>\n<\/ul>\n<p>Met het Day Ticket krijgt u toegang tot alle concerten op dezelfde dag, in alle festivallocaties.<\/p>\n<p>Zelfs wanneer sommige concerten als uitverkocht worden aangeduid, hebben houders van een Day Ticket toch toegang. De zaalcapaciteiten worden vooraf berekend volgens een quotasysteem, dat toegang voor pashouders gedurende de hele dag garandeert.<\/p>\n<p>Deze formule is ideaal om meerdere artiesten te ontdekken en volop van een festivaldag te genieten.<\/p>\n<p>&nbsp;<\/p>\n<ul>\n<li><strong>4-dagenpas (uitverkocht)<\/strong><\/li>\n<\/ul>\n<p>De 4-dagenpas geeft u toegang tot alle concerten, in alle zalen, gedurende het volledige festival van 7 tot 10 mei 2026. Dit is de meest complete formule om Jazz \u00e0 Li\u00e8ge in zijn geheel te beleven, op uw eigen tempo en in alle vrijheid.<\/p>\n<p>Ook hier geldt: zelfs wanneer concerten als uitverkocht worden aangeduid, behouden houders van een 4-dagenpas hun toegang. Dankzij het quotasysteem is toegang gedurende de hele dag gegarandeerd.<\/p>\n<p>&nbsp;<\/p>\n<hr \/>\n<p>&nbsp;<\/p>\n<p><strong>Uurrooster &amp; verloop<\/strong><\/p>\n<p>De concerten vinden elke dag plaats van 7 tot en met 10 mei 2026, op verschillende locaties in het stadscentrum. Het programma loopt overdag en \u2019s avonds, zodat iedereen zijn eigen muzikale parcours kan samenstellen. De exacte uren worden vermeld op elke concertpagina of <a href=\"https:\/\/jazzaliege.be\/nl\/info\/dienstregeling\/\">op de pagina &#8220;uurrooster<\/a>&#8220;.<\/p>\n<p>&nbsp;<\/p>\n<hr \/>\n<p>&nbsp;<\/p>\n<p><strong>Toegang &amp; mobiliteit<\/strong><\/p>\n<p>De verschillende zalen bevinden zich in het stadscentrum van Luik en zijn gemakkelijk te voet bereikbaar. Het festival nodigt uit om vrij van de ene locatie naar de andere te gaan en volop te genieten van de sfeer van de stad tussen de concerten door.<\/p>\n<p>Wij raden aan om gebruik te maken van het openbaar vervoer en duurzame mobiliteitsoplossingen. <a href=\"https:\/\/jazzaliege.be\/nl\/info\/mobiliteit\/\">Alle informatie is terug te vinden op de mobiliteitspagina.<\/a><\/p>\n<p>&nbsp;<\/p>\n<hr \/>\n<p>&nbsp;<\/p>\n<p><strong>Toegankelijkheid<\/strong><\/p>\n<p>De festivalzalen zijn toegankelijk voor personen met beperkte mobiliteit. <a href=\"https:\/\/jazzaliege.be\/nl\/info\/toegankelijkheid-prm\/\">Alle informatie is te vinden op onze speciale pagina.<\/a> Nog een vraag? U kunt ons bereiken via telefoon op <a href=\"http:\/\/043403080\">+32 4 340 30 80<\/a> of via bericht op onze verschillende sociale netwerken.<\/p>\n<p>&nbsp;<\/p>\n<hr \/>\n<p>&nbsp;<\/p>\n<p><strong>Aanvullende informatie<\/strong><br \/>\nGratis concerten: Sommige concerten kunnen gratis worden aangeboden. De informatie wordt vermeld in het programma.<br \/>\nDranken: In de verschillende festivalzalen zijn bars beschikbaar. De betaalmethoden kunnen vari\u00ebren afhankelijk van de locatie.<br \/>\nHulp nodig bij uw bestelling of tickets? Raadpleeg onze FAQ of neem contact op met <a href=\"http:\/\/043403080\">ons team<\/a>.<\/p>\n","protected":false},"excerpt":{"rendered":"<p>Uhoda Jazz \u00e0 Li\u00e8ge, een stad op het ritme van jazz Uhoda Jazz \u00e0 Li\u00e8ge staat voor vier dagen muziek\u2026<\/p>\n","protected":false},"author":2,"featured_media":0,"parent":127,"menu_order":0,"comment_status":"closed","ping_status":"closed","template":"","meta":{"_acf_changed":false,"footnotes":""},"class_list":["post-1356","page","type-page","status-publish","hentry"],"acf":[],"yoast_head":"<!-- This site is optimized with the Yoast SEO plugin v27.3 - https:\/\/yoast.com\/product\/yoast-seo-wordpress\/ -->\n<title>PRAKTISCHE INFO | Jazz \u00e0 Li\u00e8ge<\/title>\n<meta name=\"robots\" content=\"index, follow, max-snippet:-1, max-image-preview:large, max-video-preview:-1\" \/>\n<link rel=\"canonical\" href=\"https:\/\/jazzaliege.be\/nl\/info\/praktische-info\/\" \/>\n<meta property=\"og:locale\" content=\"nl_NL\" \/>\n<meta property=\"og:type\" content=\"article\" \/>\n<meta property=\"og:title\" content=\"PRAKTISCHE INFO | Jazz \u00e0 Li\u00e8ge\" \/>\n<meta property=\"og:description\" content=\"Uhoda Jazz \u00e0 Li\u00e8ge, een stad op het ritme van jazz Uhoda Jazz \u00e0 Li\u00e8ge staat voor vier dagen muziek\u2026\" \/>\n<meta property=\"og:url\" content=\"https:\/\/jazzaliege.be\/nl\/info\/praktische-info\/\" \/>\n<meta property=\"og:site_name\" content=\"Jazz \u00e0 Li\u00e8ge\" \/>\n<meta property=\"article:modified_time\" content=\"2026-03-24T14:07:32+00:00\" \/>\n<meta property=\"og:image\" content=\"https:\/\/jazzaliege.be\/wp-content\/uploads\/2025\/05\/JAL25-BANNER-FACEBOOK-01-scaled.png\" \/>\n\t<meta property=\"og:image:width\" content=\"2560\" \/>\n\t<meta property=\"og:image:height\" content=\"1341\" \/>\n\t<meta property=\"og:image:type\" content=\"image\/png\" \/>\n<meta name=\"twitter:card\" content=\"summary_large_image\" \/>\n<meta name=\"twitter:label1\" content=\"Geschatte leestijd\" \/>\n\t<meta name=\"twitter:data1\" content=\"4 minuten\" \/>\n<!-- \/ Yoast SEO plugin. -->","yoast_head_json":{"title":"PRAKTISCHE INFO | Jazz \u00e0 Li\u00e8ge","robots":{"index":"index","follow":"follow","max-snippet":"max-snippet:-1","max-image-preview":"max-image-preview:large","max-video-preview":"max-video-preview:-1"},"canonical":"https:\/\/jazzaliege.be\/nl\/info\/praktische-info\/","og_locale":"nl_NL","og_type":"article","og_title":"PRAKTISCHE INFO | Jazz \u00e0 Li\u00e8ge","og_description":"Uhoda Jazz \u00e0 Li\u00e8ge, een stad op het ritme van jazz Uhoda Jazz \u00e0 Li\u00e8ge staat voor vier dagen muziek\u2026","og_url":"https:\/\/jazzaliege.be\/nl\/info\/praktische-info\/","og_site_name":"Jazz \u00e0 Li\u00e8ge","article_modified_time":"2026-03-24T14:07:32+00:00","og_image":[{"width":2560,"height":1341,"url":"https:\/\/jazzaliege.be\/wp-content\/uploads\/2025\/05\/JAL25-BANNER-FACEBOOK-01-scaled.png","type":"image\/png"}],"twitter_card":"summary_large_image","twitter_misc":{"Geschatte leestijd":"4 minuten"},"schema":{"@context":"https:\/\/schema.org","@graph":[{"@type":"WebPage","@id":"https:\/\/jazzaliege.be\/nl\/info\/praktische-info\/","url":"https:\/\/jazzaliege.be\/nl\/info\/praktische-info\/","name":"PRAKTISCHE INFO | Jazz \u00e0 Li\u00e8ge","isPartOf":{"@id":"https:\/\/jazzaliege.be\/nl\/#website"},"datePublished":"2025-03-24T15:11:12+00:00","dateModified":"2026-03-24T14:07:32+00:00","breadcrumb":{"@id":"https:\/\/jazzaliege.be\/nl\/info\/praktische-info\/#breadcrumb"},"inLanguage":"nl-NL","potentialAction":[{"@type":"ReadAction","target":["https:\/\/jazzaliege.be\/nl\/info\/praktische-info\/"]}]},{"@type":"BreadcrumbList","@id":"https:\/\/jazzaliege.be\/nl\/info\/praktische-info\/#breadcrumb","itemListElement":[{"@type":"ListItem","position":1,"name":"Accueil","item":"https:\/\/jazzaliege.be\/nl\/"},{"@type":"ListItem","position":2,"name":"Info","item":"https:\/\/jazzaliege.be\/nl\/info\/"},{"@type":"ListItem","position":3,"name":"PRAKTISCHE INFO"}]},{"@type":"WebSite","@id":"https:\/\/jazzaliege.be\/nl\/#website","url":"https:\/\/jazzaliege.be\/nl\/","name":"Jazz \u00e0 Li\u00e8ge","description":"","publisher":{"@id":"https:\/\/jazzaliege.be\/nl\/#organization"},"potentialAction":[{"@type":"SearchAction","target":{"@type":"EntryPoint","urlTemplate":"https:\/\/jazzaliege.be\/nl\/?s={search_term_string}"},"query-input":{"@type":"PropertyValueSpecification","valueRequired":true,"valueName":"search_term_string"}}],"inLanguage":"nl-NL"},{"@type":"Organization","@id":"https:\/\/jazzaliege.be\/nl\/#organization","name":"Jazz \u00e0 Li\u00e8ge","url":"https:\/\/jazzaliege.be\/nl\/","logo":{"@type":"ImageObject","inLanguage":"nl-NL","@id":"https:\/\/jazzaliege.be\/nl\/#\/schema\/logo\/image\/","url":"https:\/\/jazzaliege.be\/wp-content\/uploads\/2025\/03\/favicon.png","contentUrl":"https:\/\/jazzaliege.be\/wp-content\/uploads\/2025\/03\/favicon.png","width":180,"height":180,"caption":"Jazz \u00e0 Li\u00e8ge"},"image":{"@id":"https:\/\/jazzaliege.be\/nl\/#\/schema\/logo\/image\/"}}]}},"_links":{"self":[{"href":"https:\/\/jazzaliege.be\/nl\/wp-json\/wp\/v2\/pages\/1356","targetHints":{"allow":["GET"]}}],"collection":[{"href":"https:\/\/jazzaliege.be\/nl\/wp-json\/wp\/v2\/pages"}],"about":[{"href":"https:\/\/jazzaliege.be\/nl\/wp-json\/wp\/v2\/types\/page"}],"author":[{"embeddable":true,"href":"https:\/\/jazzaliege.be\/nl\/wp-json\/wp\/v2\/users\/2"}],"replies":[{"embeddable":true,"href":"https:\/\/jazzaliege.be\/nl\/wp-json\/wp\/v2\/comments?post=1356"}],"version-history":[{"count":13,"href":"https:\/\/jazzaliege.be\/nl\/wp-json\/wp\/v2\/pages\/1356\/revisions"}],"predecessor-version":[{"id":2330,"href":"https:\/\/jazzaliege.be\/nl\/wp-json\/wp\/v2\/pages\/1356\/revisions\/2330"}],"up":[{"embeddable":true,"href":"https:\/\/jazzaliege.be\/nl\/wp-json\/wp\/v2\/pages\/127"}],"wp:attachment":[{"href":"https:\/\/jazzaliege.be\/nl\/wp-json\/wp\/v2\/media?parent=1356"}],"curies":[{"name":"wp","href":"https:\/\/api.w.org\/{rel}","templated":true}]}}