{"id":1519,"date":"2025-04-29T13:37:41","date_gmt":"2025-04-29T11:37:41","guid":{"rendered":"https:\/\/jazzaliege.be\/?page_id=1519"},"modified":"2025-05-12T15:23:16","modified_gmt":"2025-05-12T13:23:16","slug":"jazz-off","status":"publish","type":"page","link":"https:\/\/jazzaliege.be\/nl\/festival\/jazz-off\/","title":{"rendered":"Jazz off"},"content":{"rendered":"<p><img loading=\"lazy\" decoding=\"async\" class=\"alignnone wp-image-1554\" src=\"https:\/\/jazzaliege.be\/wp-content\/uploads\/2025\/04\/ALL-03-300x111.png\" alt=\"\" width=\"1543\" height=\"571\" srcset=\"https:\/\/jazzaliege.be\/wp-content\/uploads\/2025\/04\/ALL-03-300x111.png 300w, https:\/\/jazzaliege.be\/wp-content\/uploads\/2025\/04\/ALL-03-1024x379.png 1024w, https:\/\/jazzaliege.be\/wp-content\/uploads\/2025\/04\/ALL-03-768x285.png 768w, https:\/\/jazzaliege.be\/wp-content\/uploads\/2025\/04\/ALL-03-1536x569.png 1536w, https:\/\/jazzaliege.be\/wp-content\/uploads\/2025\/04\/ALL-03.png 1773w\" sizes=\"auto, (max-width: 1543px) 100vw, 1543px\" \/><\/p>\n<p>Ontdek dit jaar het &#8220;OFF&#8221;-festival van Uhoda Jazz in Luik!<\/p>\n<p>&nbsp;<\/p>\n<p>Opgezet om de stad te laten bruisen op het ritme van jazz en meer, zet dit <strong>parallelle festival<\/strong> het talent van Luik in de kijker en brengt het leven in de bars en caf\u00e9s van het stadscentrum. \ud83e\udea9<\/p>\n<p>&nbsp;<\/p>\n<p>Gedurende <strong>4 dagen<\/strong> zullen <strong>4 iconische locaties<\/strong> \u2014 <strong>Cappuccino, Flakbar, Dissocle Space en Souplex<\/strong> \u2014 een eclectische programmering aanbieden, waarbij stijlen en sferen worden gemengd om een unieke en feestelijke muzikale ervaring te cre\u00ebren.Het <strong>Jazz Off<\/strong> is de perfecte gelegenheid om de geest van Jazz \u00e0 Li\u00e8ge te verlengen en nieuwe artiesten te ontdekken via concerten, dj-sets en jamsessies. \u2728<\/p>\n<p>&nbsp;<\/p>\n<p>En het beste van alles? Het is helemaal <strong>gratis<\/strong>, van begin tot eind!<\/p>\n<p>&nbsp;<\/p>\n<p>De 4 bars zijn:<\/p>\n<ul>\n<li><strong>Cappuccino 1971:<\/strong> Gevestigd in het hart van Luik, wordt Cappuccino 1971 een open podium voor opkomende en lokale artiesten, in een warme en toegankelijke sfeer. Een plek waar cultuur, muziek en gezelligheid samenkomen!<\/li>\n<\/ul>\n<p style=\"padding-left: 40px;\">\ud83d\udccc Rue des Croisiers, 40<\/p>\n<p style=\"padding-left: 40px;\"><strong>Donderdag 08: 18u<\/strong> \u2013 Marti \/ <strong>20u<\/strong> \u2013 Bee Fezz (dj-set)<br \/>\n<strong>Vrijdag 09: 18u<\/strong> \u2013 Dumb \/ <strong>20u<\/strong> \u2013 Massi (dj-set)<br \/>\n<strong>Zaterdag 10: 18u<\/strong> \u2013 Aurel DB \/ <strong>20u<\/strong> \u2013 Tom Nate (dj-set)<\/p>\n<p>&nbsp;<\/p>\n<ul>\n<li><strong>Flak Bar:<\/strong> Jong maar nu al iconisch, deze bar combineert live muziek met ambachtelijke bieren. Hier steunen we lokale artiesten\u2026 en proeven we bieren die speciaal in samenwerking zijn gebrouwen!<\/li>\n<\/ul>\n<p style=\"padding-left: 40px;\">\ud83d\udccc Rue de la Violette, 9<\/p>\n<p style=\"padding-left: 40px;\"><strong>Donderdag 08: 20u<\/strong> \u2013 Moon Factory (live)<br \/>\n<strong>Vrijdag 09: 20u30<\/strong> \u2013 Slalimo (live) \/ <strong>23u30<\/strong> \u2013 Bijoutier (dj-set)<br \/>\n<strong>Zaterdag 10: 20u30<\/strong> \u2013 Puma-Dechambre (live) \/ <strong>23u30<\/strong> \u2013 Baeluum (dj-set)<br \/>\n<strong>Zondag 11: 16u<\/strong> \u2013 Lucky One (live)<\/p>\n<p>&nbsp;<\/p>\n<ul>\n<li><strong>Dissocle Space:<\/strong> Een gedurfde culturele plek, dit jaar terug met een scherp en alternatief programma. Nieuw Belgisch en internationaal talent wacht op je!<\/li>\n<\/ul>\n<p style=\"padding-left: 40px;\">\ud83d\udccc Boulevard de la Sauveni\u00e8re, 123<\/p>\n<p style=\"padding-left: 40px;\"><strong>Donderdag 08: 21u30<\/strong> \u2013 Andrea Monticciolo Trio (live)<br \/>\n<strong>Vrijdag 09: 21u30<\/strong> \u2013 Amlou (live) \/ <strong>22u30<\/strong> \u2013 Bex (live) \/<strong> 23u30<\/strong> \u2013 Primeur (dj-set) \/ <strong>01u<\/strong> \u2013 Toki (dj-set)<br \/>\n<strong>Zaterdag 10: 21u30<\/strong> \u2013 Bleuroise (live) \/ <strong>22u30<\/strong> \u2013 Nico Ducarme (live) \/<strong> 23u30<\/strong> \u2013 Dj Takeway (dj-set) \/ <strong>01u<\/strong> \u2013 Bbfat (dj-set)<\/p>\n<p>&nbsp;<\/p>\n<ul>\n<li><strong>Souplex:<\/strong> Gevestigd in een herenhuis, is Souplex een echt laboratorium voor artistieke en audiovisuele creatie. Expo&#8217;s, concerten, podcasts, modeshows&#8230; hier vloeien disciplines moeiteloos in elkaar over.<\/li>\n<\/ul>\n<p style=\"padding-left: 40px;\">\ud83d\udccc Boulevard de la Sauveni\u00e8re, 27<\/p>\n<p style=\"padding-left: 40px;\"><strong>Donderdag 08: 23u30<\/strong> \u2013 Liquid Bromance \/<strong> 01u<\/strong> \u2013 Tirambik<br \/>\n<strong>Vrijdag 09: 23u30<\/strong> \u2013 The Machine Regrets Nothing \/ <strong>01u<\/strong> \u2013 Jam<br \/>\n<strong>Zaterdag 10: 23u30<\/strong> \u2013 Raandy (dj-set) \/ <strong>01u<\/strong> \u2013 Jam<br \/>\n<strong>Zondag 11: 16u<\/strong> \u2013 Samaa + Liquid Bromance<\/p>\n<p>&nbsp;<\/p>\n<ul>\n<li><strong>Palais Provincial:<\/strong> Gelegen in het hart van de vurige stad, wordt het Provinciaal Paleis beschouwd als het mooiste burgerlijke monument van Walloni\u00eb. Het is erkend als uitzonderlijk erfgoed van Walloni\u00eb \u00e9n Europees erfgoed.<\/li>\n<\/ul>\n<p style=\"padding-left: 40px;\">\ud83d\udccc Pl. Saint-Lambert 18A, 4000 Luik<\/p>\n<p style=\"padding-left: 40px;\"><strong>Zaterdag 10:<\/strong> Bernard Dobbeleer \/ Pauline Leblond<\/p>\n","protected":false},"excerpt":{"rendered":"<p>Ontdek dit jaar het &#8220;OFF&#8221;-festival van Uhoda Jazz in Luik! &nbsp; Opgezet om de stad te laten bruisen op het\u2026<\/p>\n","protected":false},"author":2,"featured_media":0,"parent":104,"menu_order":0,"comment_status":"closed","ping_status":"closed","template":"","meta":{"_acf_changed":false,"footnotes":""},"class_list":["post-1519","page","type-page","status-publish","hentry"],"acf":[],"yoast_head":"<!-- This site is optimized with the Yoast SEO plugin v27.3 - https:\/\/yoast.com\/product\/yoast-seo-wordpress\/ -->\n<title>Jazz off | Jazz \u00e0 Li\u00e8ge<\/title>\n<meta name=\"robots\" content=\"index, follow, max-snippet:-1, max-image-preview:large, max-video-preview:-1\" \/>\n<link rel=\"canonical\" href=\"https:\/\/jazzaliege.be\/nl\/festival\/jazz-off\/\" \/>\n<meta property=\"og:locale\" content=\"nl_NL\" \/>\n<meta property=\"og:type\" content=\"article\" \/>\n<meta property=\"og:title\" content=\"Jazz off | Jazz \u00e0 Li\u00e8ge\" \/>\n<meta property=\"og:description\" content=\"Ontdek dit jaar het &#8220;OFF&#8221;-festival van Uhoda Jazz in Luik! &nbsp; Opgezet om de stad te laten bruisen op het\u2026\" \/>\n<meta property=\"og:url\" content=\"https:\/\/jazzaliege.be\/nl\/festival\/jazz-off\/\" \/>\n<meta property=\"og:site_name\" content=\"Jazz \u00e0 Li\u00e8ge\" \/>\n<meta property=\"article:modified_time\" content=\"2025-05-12T13:23:16+00:00\" \/>\n<meta property=\"og:image\" content=\"https:\/\/jazzaliege.be\/wp-content\/uploads\/2025\/04\/ALL-03-300x111.png\" \/>\n<meta name=\"twitter:card\" content=\"summary_large_image\" \/>\n<meta name=\"twitter:label1\" content=\"Geschatte leestijd\" \/>\n\t<meta name=\"twitter:data1\" content=\"3 minuten\" \/>\n<!-- \/ Yoast SEO plugin. -->","yoast_head_json":{"title":"Jazz off | Jazz \u00e0 Li\u00e8ge","robots":{"index":"index","follow":"follow","max-snippet":"max-snippet:-1","max-image-preview":"max-image-preview:large","max-video-preview":"max-video-preview:-1"},"canonical":"https:\/\/jazzaliege.be\/nl\/festival\/jazz-off\/","og_locale":"nl_NL","og_type":"article","og_title":"Jazz off | Jazz \u00e0 Li\u00e8ge","og_description":"Ontdek dit jaar het &#8220;OFF&#8221;-festival van Uhoda Jazz in Luik! &nbsp; Opgezet om de stad te laten bruisen op het\u2026","og_url":"https:\/\/jazzaliege.be\/nl\/festival\/jazz-off\/","og_site_name":"Jazz \u00e0 Li\u00e8ge","article_modified_time":"2025-05-12T13:23:16+00:00","og_image":[{"url":"https:\/\/jazzaliege.be\/wp-content\/uploads\/2025\/04\/ALL-03-300x111.png","type":"","width":"","height":""}],"twitter_card":"summary_large_image","twitter_misc":{"Geschatte leestijd":"3 minuten"},"schema":{"@context":"https:\/\/schema.org","@graph":[{"@type":"WebPage","@id":"https:\/\/jazzaliege.be\/nl\/festival\/jazz-off\/","url":"https:\/\/jazzaliege.be\/nl\/festival\/jazz-off\/","name":"Jazz off | Jazz \u00e0 Li\u00e8ge","isPartOf":{"@id":"https:\/\/jazzaliege.be\/nl\/#website"},"primaryImageOfPage":{"@id":"https:\/\/jazzaliege.be\/nl\/festival\/jazz-off\/#primaryimage"},"image":{"@id":"https:\/\/jazzaliege.be\/nl\/festival\/jazz-off\/#primaryimage"},"thumbnailUrl":"https:\/\/jazzaliege.be\/wp-content\/uploads\/2025\/04\/ALL-03-300x111.png","datePublished":"2025-04-29T11:37:41+00:00","dateModified":"2025-05-12T13:23:16+00:00","breadcrumb":{"@id":"https:\/\/jazzaliege.be\/nl\/festival\/jazz-off\/#breadcrumb"},"inLanguage":"nl-NL","potentialAction":[{"@type":"ReadAction","target":["https:\/\/jazzaliege.be\/nl\/festival\/jazz-off\/"]}]},{"@type":"ImageObject","inLanguage":"nl-NL","@id":"https:\/\/jazzaliege.be\/nl\/festival\/jazz-off\/#primaryimage","url":"https:\/\/jazzaliege.be\/wp-content\/uploads\/2025\/04\/ALL-03-300x111.png","contentUrl":"https:\/\/jazzaliege.be\/wp-content\/uploads\/2025\/04\/ALL-03-300x111.png"},{"@type":"BreadcrumbList","@id":"https:\/\/jazzaliege.be\/nl\/festival\/jazz-off\/#breadcrumb","itemListElement":[{"@type":"ListItem","position":1,"name":"Accueil","item":"https:\/\/jazzaliege.be\/nl\/"},{"@type":"ListItem","position":2,"name":"Festival","item":"https:\/\/jazzaliege.be\/nl\/festival\/"},{"@type":"ListItem","position":3,"name":"Jazz off"}]},{"@type":"WebSite","@id":"https:\/\/jazzaliege.be\/nl\/#website","url":"https:\/\/jazzaliege.be\/nl\/","name":"Jazz \u00e0 Li\u00e8ge","description":"","publisher":{"@id":"https:\/\/jazzaliege.be\/nl\/#organization"},"potentialAction":[{"@type":"SearchAction","target":{"@type":"EntryPoint","urlTemplate":"https:\/\/jazzaliege.be\/nl\/?s={search_term_string}"},"query-input":{"@type":"PropertyValueSpecification","valueRequired":true,"valueName":"search_term_string"}}],"inLanguage":"nl-NL"},{"@type":"Organization","@id":"https:\/\/jazzaliege.be\/nl\/#organization","name":"Jazz \u00e0 Li\u00e8ge","url":"https:\/\/jazzaliege.be\/nl\/","logo":{"@type":"ImageObject","inLanguage":"nl-NL","@id":"https:\/\/jazzaliege.be\/nl\/#\/schema\/logo\/image\/","url":"https:\/\/jazzaliege.be\/wp-content\/uploads\/2025\/03\/favicon.png","contentUrl":"https:\/\/jazzaliege.be\/wp-content\/uploads\/2025\/03\/favicon.png","width":180,"height":180,"caption":"Jazz \u00e0 Li\u00e8ge"},"image":{"@id":"https:\/\/jazzaliege.be\/nl\/#\/schema\/logo\/image\/"}}]}},"_links":{"self":[{"href":"https:\/\/jazzaliege.be\/nl\/wp-json\/wp\/v2\/pages\/1519","targetHints":{"allow":["GET"]}}],"collection":[{"href":"https:\/\/jazzaliege.be\/nl\/wp-json\/wp\/v2\/pages"}],"about":[{"href":"https:\/\/jazzaliege.be\/nl\/wp-json\/wp\/v2\/types\/page"}],"author":[{"embeddable":true,"href":"https:\/\/jazzaliege.be\/nl\/wp-json\/wp\/v2\/users\/2"}],"replies":[{"embeddable":true,"href":"https:\/\/jazzaliege.be\/nl\/wp-json\/wp\/v2\/comments?post=1519"}],"version-history":[{"count":10,"href":"https:\/\/jazzaliege.be\/nl\/wp-json\/wp\/v2\/pages\/1519\/revisions"}],"predecessor-version":[{"id":1680,"href":"https:\/\/jazzaliege.be\/nl\/wp-json\/wp\/v2\/pages\/1519\/revisions\/1680"}],"up":[{"embeddable":true,"href":"https:\/\/jazzaliege.be\/nl\/wp-json\/wp\/v2\/pages\/104"}],"wp:attachment":[{"href":"https:\/\/jazzaliege.be\/nl\/wp-json\/wp\/v2\/media?parent=1519"}],"curies":[{"name":"wp","href":"https:\/\/api.w.org\/{rel}","templated":true}]}}