{"id":539,"date":"2025-04-08T16:05:29","date_gmt":"2025-04-08T14:05:29","guid":{"rendered":"https:\/\/jazzaliege.be\/?page_id=539"},"modified":"2026-04-02T15:47:45","modified_gmt":"2026-04-02T13:47:45","slug":"mobiliteit","status":"publish","type":"page","link":"https:\/\/jazzaliege.be\/nl\/info\/mobiliteit\/","title":{"rendered":"MOBILITEIT"},"content":{"rendered":"<p>Het UHODA JAZZ \u00e0 LIEGE festival vindt plaats in verschillende zalen in het centrum van Luik.<\/p>\n<p>&nbsp;<\/p>\n<hr \/>\n<div class=\"mb-12\">\n<h2>AUTO<\/h2>\n<p>Hieronder vindt u een lijst met parkeermogelijkheden in de buurt van de concertzalen.<\/p>\n<ul>\n<li><strong>PARKING NEUJEAN<\/strong> \u2013 Boulevard de la Sauveni\u00e8re 45, 4000 Luik<br \/>\nTarief van <strong>\u20ac10,60<\/strong>, geldig voor elke ingang na 18.00 uur en tot 1.00 uur. Om van dit tarief te profiteren, ga naar <strong>Reflektor<\/strong> om uw ticket te valideren voordat u naar de kassa van Parking Neujean gaat.<\/li>\n<\/ul>\n<p>&nbsp;<\/p>\n<ul>\n<li><strong>PARKING CENTRAL PARK<\/strong> \u2013 Boulevard de la Sauveni\u00e8re 37, 4000 Luik<br \/>\nTarief van <strong>\u20ac8<\/strong>, geldig voor elke ingang na 18.00 uur en tot 1.00 uur.<br \/>\nOm van dit tarief te profiteren, ga naar <strong>Reflektor<\/strong> om uw ticket te valideren voordat u naar de kassa van Parking Central Park gaat. <strong>Sluitingstijd op donderdag: 1.00 uur.<\/strong><\/li>\n<\/ul>\n<p>&nbsp;<\/p>\n<ul>\n<li><strong>PARKING OP\u00c9RA<\/strong> \u2013 Rue Georges Cl\u00e9menceau, 4000 Luik<br \/>\nTarief van<strong> \u20ac7<\/strong>, geldig voor elke binnenkomst<strong> na 18u en tot 1u<\/strong>. Om van dit tarief te profiteren, ga naar de balie van Parking Op\u00e9ra.<\/li>\n<\/ul>\n<p>&nbsp;<\/p>\n<ul>\n<li><strong>PARKING CARR\u00c9-JONFOSSE<\/strong> &#8211; Rue Jonfosse 73, 4000 Luik<br \/>\nBeschikt over parkeerplaatsen met een tarief van<strong> \u20ac6<\/strong> tussen <strong>18u en 6u \u2019s ochtends<\/strong>, zonder voorafgaande ticket- of voucheromwisseling.<\/li>\n<\/ul>\n<hr \/>\n<h2>TREIN<\/h2>\n<p>De dichtstbijzijnde stations bij de concertzalen zijn <strong>Li\u00e8ge-Carr\u00e9, Li\u00e8ge-Guillemins<\/strong> en <strong>Li\u00e8ge-Saint-Lambert<\/strong>.<\/p>\n<p>Van daaruit kunt u de concertzalen bereiken met de <strong>bus<\/strong> of de <strong>tram<\/strong>.<\/p>\n<p>Plan uw reis op de websites van <a href=\"https:\/\/www.belgiantrain.be\/fr\"><strong>SNCB<\/strong><\/a> en <a href=\"https:\/\/www.letec.be\/\"><strong>TEC<\/strong><\/a>.<\/p>\n<p>&nbsp;<\/p>\n<hr \/>\n<h2><strong>TRAM<\/strong><\/h2>\n<p>Tramlijn <strong>1<\/strong> rijdt langs de concertzalen en verbindt station <strong>Guillemins<\/strong> met de haltes <strong>&#8220;Sauveni\u00e8re&#8221;<\/strong> en <strong>&#8220;Pont d\u2019Avroy&#8221;<\/strong>.<\/p>\n<\/div>\n","protected":false},"excerpt":{"rendered":"<p>Het UHODA JAZZ \u00e0 LIEGE festival vindt plaats in verschillende zalen in het centrum van Luik. &nbsp; AUTO Hieronder vindt\u2026<\/p>\n","protected":false},"author":2,"featured_media":0,"parent":127,"menu_order":0,"comment_status":"closed","ping_status":"closed","template":"page-v.php","meta":{"_acf_changed":false,"footnotes":""},"class_list":["post-539","page","type-page","status-publish","hentry"],"acf":[],"yoast_head":"<!-- This site is optimized with the Yoast SEO plugin v27.3 - https:\/\/yoast.com\/product\/yoast-seo-wordpress\/ -->\n<title>MOBILITEIT | Jazz \u00e0 Li\u00e8ge<\/title>\n<meta name=\"robots\" content=\"index, follow, max-snippet:-1, max-image-preview:large, max-video-preview:-1\" \/>\n<link rel=\"canonical\" href=\"https:\/\/jazzaliege.be\/nl\/info\/mobiliteit\/\" \/>\n<meta property=\"og:locale\" content=\"nl_NL\" \/>\n<meta property=\"og:type\" content=\"article\" \/>\n<meta property=\"og:title\" content=\"MOBILITEIT | Jazz \u00e0 Li\u00e8ge\" \/>\n<meta property=\"og:description\" content=\"Het UHODA JAZZ \u00e0 LIEGE festival vindt plaats in verschillende zalen in het centrum van Luik. &nbsp; AUTO Hieronder vindt\u2026\" \/>\n<meta property=\"og:url\" content=\"https:\/\/jazzaliege.be\/nl\/info\/mobiliteit\/\" \/>\n<meta property=\"og:site_name\" content=\"Jazz \u00e0 Li\u00e8ge\" \/>\n<meta property=\"article:modified_time\" content=\"2026-04-02T13:47:45+00:00\" \/>\n<meta property=\"og:image\" content=\"https:\/\/jazzaliege.be\/wp-content\/uploads\/2025\/05\/JAL25-BANNER-FACEBOOK-01-scaled.png\" \/>\n\t<meta property=\"og:image:width\" content=\"2560\" \/>\n\t<meta property=\"og:image:height\" content=\"1341\" \/>\n\t<meta property=\"og:image:type\" content=\"image\/png\" \/>\n<meta name=\"twitter:card\" content=\"summary_large_image\" \/>\n<meta name=\"twitter:label1\" content=\"Geschatte leestijd\" \/>\n\t<meta name=\"twitter:data1\" content=\"2 minuten\" \/>\n<!-- \/ Yoast SEO plugin. -->","yoast_head_json":{"title":"MOBILITEIT | Jazz \u00e0 Li\u00e8ge","robots":{"index":"index","follow":"follow","max-snippet":"max-snippet:-1","max-image-preview":"max-image-preview:large","max-video-preview":"max-video-preview:-1"},"canonical":"https:\/\/jazzaliege.be\/nl\/info\/mobiliteit\/","og_locale":"nl_NL","og_type":"article","og_title":"MOBILITEIT | Jazz \u00e0 Li\u00e8ge","og_description":"Het UHODA JAZZ \u00e0 LIEGE festival vindt plaats in verschillende zalen in het centrum van Luik. &nbsp; AUTO Hieronder vindt\u2026","og_url":"https:\/\/jazzaliege.be\/nl\/info\/mobiliteit\/","og_site_name":"Jazz \u00e0 Li\u00e8ge","article_modified_time":"2026-04-02T13:47:45+00:00","og_image":[{"width":2560,"height":1341,"url":"https:\/\/jazzaliege.be\/wp-content\/uploads\/2025\/05\/JAL25-BANNER-FACEBOOK-01-scaled.png","type":"image\/png"}],"twitter_card":"summary_large_image","twitter_misc":{"Geschatte leestijd":"2 minuten"},"schema":{"@context":"https:\/\/schema.org","@graph":[{"@type":"WebPage","@id":"https:\/\/jazzaliege.be\/nl\/info\/mobiliteit\/","url":"https:\/\/jazzaliege.be\/nl\/info\/mobiliteit\/","name":"MOBILITEIT | Jazz \u00e0 Li\u00e8ge","isPartOf":{"@id":"https:\/\/jazzaliege.be\/nl\/#website"},"datePublished":"2025-04-08T14:05:29+00:00","dateModified":"2026-04-02T13:47:45+00:00","breadcrumb":{"@id":"https:\/\/jazzaliege.be\/nl\/info\/mobiliteit\/#breadcrumb"},"inLanguage":"nl-NL","potentialAction":[{"@type":"ReadAction","target":["https:\/\/jazzaliege.be\/nl\/info\/mobiliteit\/"]}]},{"@type":"BreadcrumbList","@id":"https:\/\/jazzaliege.be\/nl\/info\/mobiliteit\/#breadcrumb","itemListElement":[{"@type":"ListItem","position":1,"name":"Accueil","item":"https:\/\/jazzaliege.be\/nl\/"},{"@type":"ListItem","position":2,"name":"Info","item":"https:\/\/jazzaliege.be\/nl\/info\/"},{"@type":"ListItem","position":3,"name":"MOBILITEIT"}]},{"@type":"WebSite","@id":"https:\/\/jazzaliege.be\/nl\/#website","url":"https:\/\/jazzaliege.be\/nl\/","name":"Jazz \u00e0 Li\u00e8ge","description":"","publisher":{"@id":"https:\/\/jazzaliege.be\/nl\/#organization"},"potentialAction":[{"@type":"SearchAction","target":{"@type":"EntryPoint","urlTemplate":"https:\/\/jazzaliege.be\/nl\/?s={search_term_string}"},"query-input":{"@type":"PropertyValueSpecification","valueRequired":true,"valueName":"search_term_string"}}],"inLanguage":"nl-NL"},{"@type":"Organization","@id":"https:\/\/jazzaliege.be\/nl\/#organization","name":"Jazz \u00e0 Li\u00e8ge","url":"https:\/\/jazzaliege.be\/nl\/","logo":{"@type":"ImageObject","inLanguage":"nl-NL","@id":"https:\/\/jazzaliege.be\/nl\/#\/schema\/logo\/image\/","url":"https:\/\/jazzaliege.be\/wp-content\/uploads\/2025\/03\/favicon.png","contentUrl":"https:\/\/jazzaliege.be\/wp-content\/uploads\/2025\/03\/favicon.png","width":180,"height":180,"caption":"Jazz \u00e0 Li\u00e8ge"},"image":{"@id":"https:\/\/jazzaliege.be\/nl\/#\/schema\/logo\/image\/"}}]}},"_links":{"self":[{"href":"https:\/\/jazzaliege.be\/nl\/wp-json\/wp\/v2\/pages\/539","targetHints":{"allow":["GET"]}}],"collection":[{"href":"https:\/\/jazzaliege.be\/nl\/wp-json\/wp\/v2\/pages"}],"about":[{"href":"https:\/\/jazzaliege.be\/nl\/wp-json\/wp\/v2\/types\/page"}],"author":[{"embeddable":true,"href":"https:\/\/jazzaliege.be\/nl\/wp-json\/wp\/v2\/users\/2"}],"replies":[{"embeddable":true,"href":"https:\/\/jazzaliege.be\/nl\/wp-json\/wp\/v2\/comments?post=539"}],"version-history":[{"count":6,"href":"https:\/\/jazzaliege.be\/nl\/wp-json\/wp\/v2\/pages\/539\/revisions"}],"predecessor-version":[{"id":2430,"href":"https:\/\/jazzaliege.be\/nl\/wp-json\/wp\/v2\/pages\/539\/revisions\/2430"}],"up":[{"embeddable":true,"href":"https:\/\/jazzaliege.be\/nl\/wp-json\/wp\/v2\/pages\/127"}],"wp:attachment":[{"href":"https:\/\/jazzaliege.be\/nl\/wp-json\/wp\/v2\/media?parent=539"}],"curies":[{"name":"wp","href":"https:\/\/api.w.org\/{rel}","templated":true}]}}