{"id":556,"date":"2025-04-08T16:47:22","date_gmt":"2025-04-08T14:47:22","guid":{"rendered":"https:\/\/jazzaliege.be\/?page_id=556"},"modified":"2026-02-13T10:47:33","modified_gmt":"2026-02-13T09:47:33","slug":"vip","status":"publish","type":"page","link":"https:\/\/jazzaliege.be\/nl\/info\/vip\/","title":{"rendered":"VIP"},"content":{"rendered":"<h2><strong>VIP \u2013 UHODA JAZZ \u00c0 LI\u00c8GE 2026<\/strong><\/h2>\n<h3><strong>BELEEF HET FESTIVAL ALS EEN ECHTE VIP!<\/strong><\/h3>\n<p>Dit jaar biedt <strong>Uhoda Jazz \u00e0 Li\u00e8ge<\/strong> je een exclusieve <strong>VIP-ervaring<\/strong>, waar gastronomie en muziek samenkomen in een uitzonderlijke setting. Geniet elke avond van een <strong>verfijnd diner bij Olga Le Bistro<\/strong>, gevolgd door een <strong>concert met gereserveerde plaatsen in de beste zones van het festival<\/strong>.<\/p>\n<p>Boek nu jouw <strong>uitzonderlijke avond<\/strong> en laat je meevoeren door de magie van jazz!<\/p>\n<p>&nbsp;<\/p>\n<hr \/>\n<section class=\"content\">\n<h2><strong>EEN COMPLEET VIP-PACKAGE<\/strong><\/h2>\n<p><strong>Diner bij Olga Le Bistro (17:30 &#8211; 19:30)<\/strong><\/p>\n<ul>\n<li>Voorgerecht, hoofdgerecht, koffie<\/li>\n<li>3 glazen wijn<\/li>\n<li>1 glas Prosecco<\/li>\n<\/ul>\n<p><strong>Concert in een exclusieve setting (20:00)<\/strong><\/p>\n<ul>\n<li>Keuze uit <strong>3 concerten<\/strong>: Ibrahim Maalouf, Joshua Redman Quartet, Avishai Cohen Quintet<\/li>\n<li><strong>Gereserveerde zitplaatsen in een premiumzone<\/strong><\/li>\n<\/ul>\n<p>&nbsp;<\/p>\n<p><strong>VIP-locatie: H\u00f4tel de Clercx \u2013 27 Rue Saint-Paul, 4000 Luik<\/strong><\/p>\n<p>&nbsp;<\/p>\n<\/section>\n<section class=\"content\">\n<hr \/>\n<h2><strong>BOEK JOUW VIP-ERVARING<\/strong><\/h2>\n<p><strong>Reserveer voor 24 april via onze <\/strong><strong>ticketverkoop<\/strong><strong>.<\/strong><\/p>\n<p>Als u een gewoon ticket hebt en uw ticket wilt opwaarderen, kunt u dit doen via uw boekingsmail.<\/p>\n<p>&nbsp;<\/p>\n<p><a href=\"https:\/\/shop.paylogic.com\/c7ede05afa9f40689862a0e704ba7ffc\/tickets\/tickets-jazz-a-liege\/f9354e5ac1d5461fa2f79d748455b1fe\"><img loading=\"lazy\" decoding=\"async\" class=\"alignnone wp-image-2136\" src=\"https:\/\/jazzaliege.be\/wp-content\/uploads\/2026\/02\/NL-2026-1-300x53.png\" alt=\"\" width=\"1415\" height=\"250\" srcset=\"https:\/\/jazzaliege.be\/wp-content\/uploads\/2026\/02\/NL-2026-1-300x53.png 300w, https:\/\/jazzaliege.be\/wp-content\/uploads\/2026\/02\/NL-2026-1-1024x182.png 1024w, https:\/\/jazzaliege.be\/wp-content\/uploads\/2026\/02\/NL-2026-1-768x137.png 768w\" sizes=\"auto, (max-width: 1415px) 100vw, 1415px\" \/><\/a><\/p>\n<\/section>\n","protected":false},"excerpt":{"rendered":"<p>VIP \u2013 UHODA JAZZ \u00c0 LI\u00c8GE 2026 BELEEF HET FESTIVAL ALS EEN ECHTE VIP! Dit jaar biedt Uhoda Jazz \u00e0\u2026<\/p>\n","protected":false},"author":2,"featured_media":0,"parent":127,"menu_order":0,"comment_status":"closed","ping_status":"closed","template":"page-rb.php","meta":{"_acf_changed":false,"footnotes":""},"class_list":["post-556","page","type-page","status-publish","hentry"],"acf":[],"yoast_head":"<!-- This site is optimized with the Yoast SEO plugin v27.4 - https:\/\/yoast.com\/product\/yoast-seo-wordpress\/ -->\n<title>VIP | Jazz \u00e0 Li\u00e8ge<\/title>\n<meta name=\"robots\" content=\"index, follow, max-snippet:-1, max-image-preview:large, max-video-preview:-1\" \/>\n<link rel=\"canonical\" href=\"https:\/\/jazzaliege.be\/nl\/info\/vip\/\" \/>\n<meta property=\"og:locale\" content=\"nl_NL\" \/>\n<meta property=\"og:type\" content=\"article\" \/>\n<meta property=\"og:title\" content=\"VIP | Jazz \u00e0 Li\u00e8ge\" \/>\n<meta property=\"og:description\" content=\"VIP \u2013 UHODA JAZZ \u00c0 LI\u00c8GE 2026 BELEEF HET FESTIVAL ALS EEN ECHTE VIP! Dit jaar biedt Uhoda Jazz \u00e0\u2026\" \/>\n<meta property=\"og:url\" content=\"https:\/\/jazzaliege.be\/nl\/info\/vip\/\" \/>\n<meta property=\"og:site_name\" content=\"Jazz \u00e0 Li\u00e8ge\" \/>\n<meta property=\"article:modified_time\" content=\"2026-02-13T09:47:33+00:00\" \/>\n<meta property=\"og:image\" content=\"https:\/\/jazzaliege.be\/wp-content\/uploads\/2026\/02\/NL-2026-1.png\" \/>\n\t<meta property=\"og:image:width\" content=\"1532\" \/>\n\t<meta property=\"og:image:height\" content=\"273\" \/>\n\t<meta property=\"og:image:type\" content=\"image\/png\" \/>\n<meta name=\"twitter:card\" content=\"summary_large_image\" \/>\n<meta name=\"twitter:label1\" content=\"Geschatte leestijd\" \/>\n\t<meta name=\"twitter:data1\" content=\"1 minuut\" \/>\n<!-- \/ Yoast SEO plugin. -->","yoast_head_json":{"title":"VIP | Jazz \u00e0 Li\u00e8ge","robots":{"index":"index","follow":"follow","max-snippet":"max-snippet:-1","max-image-preview":"max-image-preview:large","max-video-preview":"max-video-preview:-1"},"canonical":"https:\/\/jazzaliege.be\/nl\/info\/vip\/","og_locale":"nl_NL","og_type":"article","og_title":"VIP | Jazz \u00e0 Li\u00e8ge","og_description":"VIP \u2013 UHODA JAZZ \u00c0 LI\u00c8GE 2026 BELEEF HET FESTIVAL ALS EEN ECHTE VIP! Dit jaar biedt Uhoda Jazz \u00e0\u2026","og_url":"https:\/\/jazzaliege.be\/nl\/info\/vip\/","og_site_name":"Jazz \u00e0 Li\u00e8ge","article_modified_time":"2026-02-13T09:47:33+00:00","og_image":[{"width":1532,"height":273,"url":"https:\/\/jazzaliege.be\/wp-content\/uploads\/2026\/02\/NL-2026-1.png","type":"image\/png"}],"twitter_card":"summary_large_image","twitter_misc":{"Geschatte leestijd":"1 minuut"},"schema":{"@context":"https:\/\/schema.org","@graph":[{"@type":"WebPage","@id":"https:\/\/jazzaliege.be\/nl\/info\/vip\/","url":"https:\/\/jazzaliege.be\/nl\/info\/vip\/","name":"VIP | Jazz \u00e0 Li\u00e8ge","isPartOf":{"@id":"https:\/\/jazzaliege.be\/nl\/#website"},"primaryImageOfPage":{"@id":"https:\/\/jazzaliege.be\/nl\/info\/vip\/#primaryimage"},"image":{"@id":"https:\/\/jazzaliege.be\/nl\/info\/vip\/#primaryimage"},"thumbnailUrl":"https:\/\/jazzaliege.be\/wp-content\/uploads\/2026\/02\/NL-2026-1-300x53.png","datePublished":"2025-04-08T14:47:22+00:00","dateModified":"2026-02-13T09:47:33+00:00","breadcrumb":{"@id":"https:\/\/jazzaliege.be\/nl\/info\/vip\/#breadcrumb"},"inLanguage":"nl-NL","potentialAction":[{"@type":"ReadAction","target":["https:\/\/jazzaliege.be\/nl\/info\/vip\/"]}]},{"@type":"ImageObject","inLanguage":"nl-NL","@id":"https:\/\/jazzaliege.be\/nl\/info\/vip\/#primaryimage","url":"https:\/\/jazzaliege.be\/wp-content\/uploads\/2026\/02\/NL-2026-1-300x53.png","contentUrl":"https:\/\/jazzaliege.be\/wp-content\/uploads\/2026\/02\/NL-2026-1-300x53.png"},{"@type":"BreadcrumbList","@id":"https:\/\/jazzaliege.be\/nl\/info\/vip\/#breadcrumb","itemListElement":[{"@type":"ListItem","position":1,"name":"Accueil","item":"https:\/\/jazzaliege.be\/nl\/"},{"@type":"ListItem","position":2,"name":"Info","item":"https:\/\/jazzaliege.be\/nl\/info\/"},{"@type":"ListItem","position":3,"name":"VIP"}]},{"@type":"WebSite","@id":"https:\/\/jazzaliege.be\/nl\/#website","url":"https:\/\/jazzaliege.be\/nl\/","name":"Jazz \u00e0 Li\u00e8ge","description":"","publisher":{"@id":"https:\/\/jazzaliege.be\/nl\/#organization"},"potentialAction":[{"@type":"SearchAction","target":{"@type":"EntryPoint","urlTemplate":"https:\/\/jazzaliege.be\/nl\/?s={search_term_string}"},"query-input":{"@type":"PropertyValueSpecification","valueRequired":true,"valueName":"search_term_string"}}],"inLanguage":"nl-NL"},{"@type":"Organization","@id":"https:\/\/jazzaliege.be\/nl\/#organization","name":"Jazz \u00e0 Li\u00e8ge","url":"https:\/\/jazzaliege.be\/nl\/","logo":{"@type":"ImageObject","inLanguage":"nl-NL","@id":"https:\/\/jazzaliege.be\/nl\/#\/schema\/logo\/image\/","url":"https:\/\/jazzaliege.be\/wp-content\/uploads\/2025\/03\/favicon.png","contentUrl":"https:\/\/jazzaliege.be\/wp-content\/uploads\/2025\/03\/favicon.png","width":180,"height":180,"caption":"Jazz \u00e0 Li\u00e8ge"},"image":{"@id":"https:\/\/jazzaliege.be\/nl\/#\/schema\/logo\/image\/"}}]}},"_links":{"self":[{"href":"https:\/\/jazzaliege.be\/nl\/wp-json\/wp\/v2\/pages\/556","targetHints":{"allow":["GET"]}}],"collection":[{"href":"https:\/\/jazzaliege.be\/nl\/wp-json\/wp\/v2\/pages"}],"about":[{"href":"https:\/\/jazzaliege.be\/nl\/wp-json\/wp\/v2\/types\/page"}],"author":[{"embeddable":true,"href":"https:\/\/jazzaliege.be\/nl\/wp-json\/wp\/v2\/users\/2"}],"replies":[{"embeddable":true,"href":"https:\/\/jazzaliege.be\/nl\/wp-json\/wp\/v2\/comments?post=556"}],"version-history":[{"count":8,"href":"https:\/\/jazzaliege.be\/nl\/wp-json\/wp\/v2\/pages\/556\/revisions"}],"predecessor-version":[{"id":2141,"href":"https:\/\/jazzaliege.be\/nl\/wp-json\/wp\/v2\/pages\/556\/revisions\/2141"}],"up":[{"embeddable":true,"href":"https:\/\/jazzaliege.be\/nl\/wp-json\/wp\/v2\/pages\/127"}],"wp:attachment":[{"href":"https:\/\/jazzaliege.be\/nl\/wp-json\/wp\/v2\/media?parent=556"}],"curies":[{"name":"wp","href":"https:\/\/api.w.org\/{rel}","templated":true}]}}